{"id":1468,"date":"2018-06-13T09:19:11","date_gmt":"2018-06-13T07:19:11","guid":{"rendered":"http:\/\/novyfonograf.cz\/?page_id=1468"},"modified":"2019-08-21T08:47:27","modified_gmt":"2019-08-21T06:47:27","slug":"recordings","status":"publish","type":"page","link":"https:\/\/novyfonograf.cz\/en\/recordings\/","title":{"rendered":"Recordings"},"content":{"rendered":"<div class=\"fusion-fullwidth fullwidth-box fusion-builder-row-1 nonhundred-percent-fullwidth non-hundred-percent-height-scrolling\" style=\"background-color: rgba(255,255,255,0);background-position: center center;background-repeat: no-repeat;padding-top:0px;padding-right:0px;padding-bottom:0px;padding-left:0px;margin-bottom: 0px;margin-top: 0px;border-width: 0px 0px 0px 0px;border-color:#eae9e9;border-style:solid;\" ><div class=\"fusion-builder-row fusion-row\"><div class=\"fusion-layout-column fusion_builder_column fusion-builder-column-0 fusion_builder_column_1_1 1_1 fusion-one-full fusion-column-first fusion-column-last\" style=\"margin-top:0px;margin-bottom:20px;\"><div class=\"fusion-column-wrapper fusion-flex-column-wrapper-legacy\" style=\"background-position:left top;background-repeat:no-repeat;-webkit-background-size:cover;-moz-background-size:cover;-o-background-size:cover;background-size:cover;padding: 0px 0px 0px 0px;\"><ul class=\"fake-taby-nahravky\">\n    <li class=\"active\"><a href=\"\/en\/recordings\/\">Recordings<\/a><\/li>\n    <li class=\"inactive\"><a href=\"\/en\/recordings\/digital-library\/\">Digital library<\/a><\/li>\n    <li class=\"inactive\"><a href=\"\/en\/recordings\/soundcloud\/\">Soundcloud<\/a><\/li>\n<\/ul><div class=\"fusion-clearfix\"><\/div><\/div><\/div><div class=\"fusion-layout-column fusion_builder_column fusion-builder-column-1 fusion_builder_column_1_1 1_1 fusion-one-full fusion-column-first fusion-column-last\" style=\"margin-top:0px;margin-bottom:20px;\"><div class=\"fusion-column-wrapper fusion-flex-column-wrapper-legacy\" style=\"background-position:left top;background-repeat:no-repeat;-webkit-background-size:cover;-moz-background-size:cover;-o-background-size:cover;background-size:cover;padding: 0px 0px 0px 0px;\"><div class=\"row filtry\">\n<div class=\"col-md-4\">\n  <select data-placeholder=\"Se\u0159adit\" class=\"chosen-select\">\n    <option><\/option>\n    <option selected=\"selected\" value=\"?c=a-z\">Od A do Z<\/option>\n    <option  value=\"?c=z-a\">Od Z do A<\/option>\n    <option  value=\"?c=nejnovejsi\">Od nejnov\u011bj\u0161\u00edho<\/option>\n    <option  value=\"?c=nejstarsi\">Od nejstar\u0161\u00edho<\/option>\n  <\/select>\n  <script>\n             \n              jQuery(\".chosen-select\").on(\"change\", function() {\n                  var selval = jQuery(\".chosen-select\").val();\n                  window.location.replace(selval);\n                });\n   <\/script>\n<\/div>\n<div class=\"col-md-8\">\n<div class=\"form-group\">\n  <form method=\"POST\" class=\"form-inline\" action=\"\/nahravky\/\"><div class=\"vyhledat\">\n    <div class=\"col-md-9\">\n      <input type=\"text\" name=\"hledat\" class=\"wpcf7-form-control\" id=\"hledej\" placeholder=\"\">\n    <\/div>\n    <button type=\"submit\" name=\"hledej\" class=\"btn wpcf7-form-control wpcf7-submit col-md-3\">Vyhledat<\/button>\n  <\/div><\/form>\n<\/div>\n<\/div>\n<\/div>\n<div class=\"row\"><div class=\"col-md-12\">\n               <p class=\"badge-row\"><span class=\"badge badge-info\">Katalogov\u00e9 \u010d\u00edslo nahr\u00e1vky<\/span><span class=\"badge badge-secondary\">Matri\u010dn\u00ed \u010d\u00edslo<\/span><span class=\"badge badge-primary\">Datum<\/span><\/p>\n               <\/div><\/div><div class=\"navigace\"><div class=\"vzad\"><a href=\"?page=1\"> << Prvn\u00ed<\/a><a href=\"?page=1467\"> < P\u0159edchoz\u00ed<\/a><\/div><div class=\"vpred\"><\/div><\/div><div class=\"fusion-clearfix\"><\/div><\/div><\/div><\/div><\/div>\n","protected":false},"excerpt":{"rendered":"","protected":false},"author":4,"featured_media":0,"parent":0,"menu_order":0,"comment_status":"closed","ping_status":"closed","template":"100-width.php","meta":[],"_links":{"self":[{"href":"https:\/\/novyfonograf.cz\/en\/wp-json\/wp\/v2\/pages\/1468"}],"collection":[{"href":"https:\/\/novyfonograf.cz\/en\/wp-json\/wp\/v2\/pages"}],"about":[{"href":"https:\/\/novyfonograf.cz\/en\/wp-json\/wp\/v2\/types\/page"}],"author":[{"embeddable":true,"href":"https:\/\/novyfonograf.cz\/en\/wp-json\/wp\/v2\/users\/4"}],"replies":[{"embeddable":true,"href":"https:\/\/novyfonograf.cz\/en\/wp-json\/wp\/v2\/comments?post=1468"}],"version-history":[{"count":5,"href":"https:\/\/novyfonograf.cz\/en\/wp-json\/wp\/v2\/pages\/1468\/revisions"}],"predecessor-version":[{"id":5044,"href":"https:\/\/novyfonograf.cz\/en\/wp-json\/wp\/v2\/pages\/1468\/revisions\/5044"}],"wp:attachment":[{"href":"https:\/\/novyfonograf.cz\/en\/wp-json\/wp\/v2\/media?parent=1468"}],"curies":[{"name":"wp","href":"https:\/\/api.w.org\/{rel}","templated":true}]}}