{"id":1486,"date":"2018-06-13T14:20:01","date_gmt":"2018-06-13T12:20:01","guid":{"rendered":"http:\/\/novyfonograf.cz\/outcomes\/publikace\/"},"modified":"2019-08-01T10:58:27","modified_gmt":"2019-08-01T08:58:27","slug":"publications","status":"publish","type":"page","link":"https:\/\/novyfonograf.cz\/en\/outcomes\/publications\/","title":{"rendered":"Publications"},"content":{"rendered":"<div class=\"fusion-fullwidth fullwidth-box fusion-builder-row-1 nonhundred-percent-fullwidth non-hundred-percent-height-scrolling\" style=\"background-color: rgba(255,255,255,0);background-position: center center;background-repeat: no-repeat;padding-top:0px;padding-right:0px;padding-bottom:0px;padding-left:0px;margin-bottom: 0px;margin-top: 0px;border-width: 0px 0px 0px 0px;border-color:#eae9e9;border-style:solid;\" ><div class=\"fusion-builder-row fusion-row\"><div class=\"fusion-layout-column fusion_builder_column fusion-builder-column-0 fusion_builder_column_1_1 1_1 fusion-one-full fusion-column-first fusion-column-last\" style=\"margin-top:0px;margin-bottom:20px;\"><div class=\"fusion-column-wrapper fusion-flex-column-wrapper-legacy\" style=\"background-position:left top;background-repeat:no-repeat;-webkit-background-size:cover;-moz-background-size:cover;-o-background-size:cover;background-size:cover;padding: 0px 0px 0px 0px;\"><div class=\"fusion-text fusion-text-1\" style=\"transform:translate3d(0,0,0);\"><p><span style=\"font-weight: 400;\">On this page, we provide an overview of the most interesting publications, studies, articles and presentations on audio documentary issues that are publicly available. In the sections below, after clicking on individual titles, you can find links to the literature and presentations themselves.<\/span><\/p>\n<\/div><div class=\"fusion-clearfix\"><\/div><\/div><\/div><div class=\"fusion-layout-column fusion_builder_column fusion-builder-column-1 fusion_builder_column_1_1 1_1 fusion-one-full fusion-column-first fusion-column-last\" style=\"margin-top:0px;margin-bottom:20px;\"><div class=\"fusion-column-wrapper fusion-flex-column-wrapper-legacy\" style=\"background-position:left top;background-repeat:no-repeat;-webkit-background-size:cover;-moz-background-size:cover;-o-background-size:cover;background-size:cover;padding: 0px 0px 0px 0px;\"><div class=\"fusion-tabs fusion-tabs-1 classic cstm-tabs horizontal-tabs icon-position-left\"><style type=\"text\/css\">.fusion-tabs.fusion-tabs-1 .nav-tabs li a.tab-link{border-top-color:#ffffff;background-color:#ffffff;}.fusion-tabs.fusion-tabs-1 .nav-tabs{background-color:#ffffff;}.fusion-tabs.fusion-tabs-1 .nav-tabs li.active a.tab-link,.fusion-tabs.fusion-tabs-1 .nav-tabs li.active a.tab-link:hover,.fusion-tabs.fusion-tabs-1 .nav-tabs li.active a.tab-link:focus{border-right-color:#ffffff;}.fusion-tabs.fusion-tabs-1 .nav-tabs li.active a.tab-link,.fusion-tabs.fusion-tabs-1 .nav-tabs li.active a.tab-link:hover,.fusion-tabs.fusion-tabs-1 .nav-tabs li.active a.tab-link:focus{background-color:#ffffff;}.fusion-tabs.fusion-tabs-1 .nav-tabs li a:hover{background-color:#ffffff;border-top-color:#ffffff;}.fusion-tabs.fusion-tabs-1 .tab-pane{background-color:#ffffff;}.fusion-tabs.fusion-tabs-1 .nav,.fusion-tabs.fusion-tabs-1 .nav-tabs,.fusion-tabs.fusion-tabs-1 .tab-content .tab-pane{border-color:rgba(255,255,255,0);}<\/style><div class=\"nav\"><ul class=\"nav-tabs nav-justified\" role=\"tablist\"><li class=\"active\"><a class=\"tab-link\" data-toggle=\"tab\" role=\"tab\" aria-controls=\"tab-105199073a395e9e114\" aria-selected=\"true\" id=\"fusion-tab-monograph\" href=\"#tab-105199073a395e9e114\"><h4 class=\"fusion-tab-heading\">MONOGRAPH<\/h4><\/a><\/li><li><a class=\"tab-link\" data-toggle=\"tab\" role=\"tab\" aria-controls=\"tab-5f7224175127e87a794\" aria-selected=\"false\" tabindex=\"-1\" id=\"fusion-tab-studies\" href=\"#tab-5f7224175127e87a794\"><h4 class=\"fusion-tab-heading\">STUDIES<\/h4><\/a><\/li><li><a class=\"tab-link\" data-toggle=\"tab\" role=\"tab\" aria-controls=\"tab-bc038e1b674af5bfde0\" aria-selected=\"false\" tabindex=\"-1\" id=\"fusion-tab-articles\" href=\"#tab-bc038e1b674af5bfde0\"><h4 class=\"fusion-tab-heading\">ARTICLES<\/h4><\/a><\/li><li><a class=\"tab-link\" data-toggle=\"tab\" role=\"tab\" aria-controls=\"tab-42e3c6e8d4c3ace56f9\" aria-selected=\"false\" tabindex=\"-1\" id=\"fusion-tab-presentation\" href=\"#tab-42e3c6e8d4c3ace56f9\"><h4 class=\"fusion-tab-heading\">PRESENTATION<\/h4><\/a><\/li><\/ul><\/div><div class=\"tab-content\"><div class=\"nav fusion-mobile-tab-nav\"><ul class=\"nav-tabs nav-justified\"><li class=\"active\"><a class=\"tab-link\" data-toggle=\"tab\" role=\"tab\" aria-controls=\"tab-105199073a395e9e114\" aria-selected=\"true\" id=\"mobile-fusion-tab-monograph\" href=\"#tab-105199073a395e9e114\"><h4 class=\"fusion-tab-heading\">MONOGRAPH<\/h4><\/a><\/li><\/ul><\/div><div class=\"tab-pane fade fusion-clearfix in active\" role=\"tabpanel\" tabindex=\"0\" aria-labelledby=\"fusion-tab-monograph\" id=\"tab-105199073a395e9e114\">\n<div class=\"fusion-blog-shortcode fusion-blog-shortcode-1 fusion-blog-archive fusion-blog-layout-grid-wrapper fusion-blog-no cstm-tabs\"><style type=\"text\/css\">.fusion-blog-shortcode-1 .fusion-blog-layout-grid .fusion-post-grid{padding:10px;}.fusion-blog-shortcode-1 .fusion-posts-container{margin-left: -10px !important; margin-right:-10px !important;}<\/style><div class=\"fusion-posts-container fusion-posts-container-no fusion-blog-rollover fusion-blog-layout-grid fusion-blog-layout-grid-2 isotope fusion-blog-layout-masonry\" data-pages=\"0\" data-grid-col-space=\"20\" style=\"margin: -10px -10px 0;min-height:500px;\"><article class=\"fusion-post-grid fusion-post-masonry post fusion-grid-sizer\"><\/article><article id=\"blog-1-post-7749\" class=\"fusion-post-masonry fusion-post-grid fusion-element-grid post-7749 post type-post status-publish format-standard has-post-thumbnail hentry category-publikace-en tag-monografie-en\">\n<div class=\"fusion-post-wrapper\" style=\"background-color:rgb(255,255,255);border:1px solid #e1e1e1;border-bottom-width:3px;\">\n\n<div  class=\"fusion-masonry-element-container fusion-image-wrapper\" style=\"background-image:url(https:\/\/novyfonograf.cz\/wp-content\/uploads\/2021\/03\/recorded-sounds.png);padding-top:calc((100% + 18px) * 0.8 - 10px);\" aria-haspopup=\"true\">\n\t\n\t\n\t\n\t\t\n\t\t\t\t\t<img width=\"383\" height=\"400\" src=\"https:\/\/novyfonograf.cz\/wp-content\/uploads\/2021\/03\/recorded-sounds.png\" class=\"attachment-full size-full wp-post-image\" alt=\"\" srcset=\"https:\/\/novyfonograf.cz\/wp-content\/uploads\/2021\/03\/recorded-sounds-200x209.png 200w, https:\/\/novyfonograf.cz\/wp-content\/uploads\/2021\/03\/recorded-sounds.png 383w\" sizes=\"(min-width: 2200px) 100vw, (min-width: 712px) 590px, (min-width: 640px) 712px, \" \/>\n\t\n\n\t\t<div class=\"fusion-rollover\">\n\t<div class=\"fusion-rollover-content\">\n\n\t\t\t\t\t\t\t\t\t\t\t\t\t\t<a class=\"fusion-rollover-link\" href=\"https:\/\/novyfonograf.cz\/en\/publikace-en\/recorded-sound-in-czech-lands-1900-1946\/\">Recorded Sound in Czech Lands, 1900-1946<\/a>\n\t\t\t\n\t\t\t\t\t\t\t\t\n\t\t\t\t\n\t\t\t\t\t\t\t\t\t\t\t\t<h4 class=\"fusion-rollover-title\">\n\t\t\t\t\t<a class=\"fusion-rollover-title-link\" href=\"https:\/\/novyfonograf.cz\/en\/publikace-en\/recorded-sound-in-czech-lands-1900-1946\/\">\n\t\t\t\t\t\tRecorded Sound in Czech Lands, 1900-1946\t\t\t\t\t<\/a>\n\t\t\t\t<\/h4>\n\t\t\t\n\t\t\t\t\t\t\t\t\n\t\t\n\t\t\t\t<a class=\"fusion-link-wrapper\" href=\"https:\/\/novyfonograf.cz\/en\/publikace-en\/recorded-sound-in-czech-lands-1900-1946\/\" aria-label=\"Recorded Sound in Czech Lands, 1900-1946\"><\/a>\n\t<\/div>\n<\/div>\n\n\t\n<\/div>\n<div class=\"fusion-post-content-wrapper\" style=\"padding:30px 25px 20px 25px;background-color:rgb(255,255,255);\"><div class=\"fusion-post-content post-content\"><h2 class=\"blog-shortcode-post-title\"><a href=\"https:\/\/novyfonograf.cz\/en\/publikace-en\/recorded-sound-in-czech-lands-1900-1946\/\">Recorded Sound in Czech Lands, 1900-1946<\/a><\/h2><p class=\"fusion-single-line-meta\"><span>20. 3. 2021<\/span><span class=\"fusion-inline-sep\">|<\/span><\/p><\/div><\/div><div class=\"fusion-clearfix\"><\/div><\/div>\n<\/article>\n<article id=\"blog-1-post-3202\" class=\"fusion-post-masonry fusion-post-grid fusion-element-grid post-3202 post type-post status-publish format-standard has-post-thumbnail hentry category-publikace-en tag-monografie-en\">\n<div class=\"fusion-post-wrapper\" style=\"background-color:rgb(255,255,255);border:1px solid #e1e1e1;border-bottom-width:3px;\">\n\n<div  class=\"fusion-masonry-element-container fusion-image-wrapper\" style=\"background-image:url(https:\/\/novyfonograf.cz\/wp-content\/uploads\/2019\/01\/Screenshot_426.png);padding-top:calc((100% + 18px) * 0.8 - 10px);\" aria-haspopup=\"true\">\n\t\n\t\n\t\n\t\t\n\t\t\t\t\t<img width=\"1019\" height=\"828\" src=\"https:\/\/novyfonograf.cz\/wp-content\/uploads\/2019\/01\/Screenshot_426.png\" class=\"attachment-full size-full wp-post-image\" alt=\"\" srcset=\"https:\/\/novyfonograf.cz\/wp-content\/uploads\/2019\/01\/Screenshot_426-200x163.png 200w, https:\/\/novyfonograf.cz\/wp-content\/uploads\/2019\/01\/Screenshot_426-400x325.png 400w, https:\/\/novyfonograf.cz\/wp-content\/uploads\/2019\/01\/Screenshot_426-600x488.png 600w, https:\/\/novyfonograf.cz\/wp-content\/uploads\/2019\/01\/Screenshot_426-800x650.png 800w, https:\/\/novyfonograf.cz\/wp-content\/uploads\/2019\/01\/Screenshot_426.png 1019w\" sizes=\"(min-width: 2200px) 100vw, (min-width: 712px) 590px, (min-width: 640px) 712px, \" \/>\n\t\n\n\t\t<div class=\"fusion-rollover\">\n\t<div class=\"fusion-rollover-content\">\n\n\t\t\t\t\t\t\t\t\t\t\t\t\t\t<a class=\"fusion-rollover-link\" href=\"https:\/\/novyfonograf.cz\/en\/publikace-en\/bohemia-on-records-krajane-za-velkou-louzi\/\">Bohemia on Records\/Krajan\u00e9 za velkou lou\u017e\u00ed<\/a>\n\t\t\t\n\t\t\t\t\t\t\t\t\n\t\t\t\t\n\t\t\t\t\t\t\t\t\t\t\t\t<h4 class=\"fusion-rollover-title\">\n\t\t\t\t\t<a class=\"fusion-rollover-title-link\" href=\"https:\/\/novyfonograf.cz\/en\/publikace-en\/bohemia-on-records-krajane-za-velkou-louzi\/\">\n\t\t\t\t\t\tBohemia on Records\/Krajan\u00e9 za velkou lou\u017e\u00ed\t\t\t\t\t<\/a>\n\t\t\t\t<\/h4>\n\t\t\t\n\t\t\t\t\t\t\t\t\n\t\t\n\t\t\t\t<a class=\"fusion-link-wrapper\" href=\"https:\/\/novyfonograf.cz\/en\/publikace-en\/bohemia-on-records-krajane-za-velkou-louzi\/\" aria-label=\"Bohemia on Records\/Krajan\u00e9 za velkou lou\u017e\u00ed\"><\/a>\n\t<\/div>\n<\/div>\n\n\t\n<\/div>\n<div class=\"fusion-post-content-wrapper\" style=\"padding:30px 25px 20px 25px;background-color:rgb(255,255,255);\"><div class=\"fusion-post-content post-content\"><h2 class=\"blog-shortcode-post-title\"><a href=\"https:\/\/novyfonograf.cz\/en\/publikace-en\/bohemia-on-records-krajane-za-velkou-louzi\/\">Bohemia on Records\/Krajan\u00e9 za velkou lou\u017e\u00ed<\/a><\/h2><p class=\"fusion-single-line-meta\"><span>7. 1. 2019<\/span><span class=\"fusion-inline-sep\">|<\/span><\/p><\/div><\/div><div class=\"fusion-clearfix\"><\/div><\/div>\n<\/article>\n<div class=\"fusion-clearfix\"><\/div><\/div><\/div>\n<\/div><div class=\"nav fusion-mobile-tab-nav\"><ul class=\"nav-tabs nav-justified\"><li><a class=\"tab-link\" data-toggle=\"tab\" role=\"tab\" aria-controls=\"tab-5f7224175127e87a794\" aria-selected=\"false\" tabindex=\"-1\" id=\"mobile-fusion-tab-studies\" href=\"#tab-5f7224175127e87a794\"><h4 class=\"fusion-tab-heading\">STUDIES<\/h4><\/a><\/li><\/ul><\/div><div class=\"tab-pane fade fusion-clearfix\" role=\"tabpanel\" tabindex=\"0\" aria-labelledby=\"fusion-tab-studies\" id=\"tab-fa51de6abcce7cc6c6d\">\n<div class=\"fusion-blog-shortcode fusion-blog-shortcode-2 fusion-blog-archive fusion-blog-layout-grid-wrapper fusion-blog-no cstm-tabs\"><style type=\"text\/css\">.fusion-blog-shortcode-2 .fusion-blog-layout-grid .fusion-post-grid{padding:10px;}.fusion-blog-shortcode-2 .fusion-posts-container{margin-left: -10px !important; margin-right:-10px !important;}<\/style><div class=\"fusion-posts-container fusion-posts-container-no fusion-blog-rollover fusion-blog-layout-grid fusion-blog-layout-grid-2 isotope fusion-blog-layout-masonry\" data-pages=\"0\" data-grid-col-space=\"20\" style=\"margin: -10px -10px 0;min-height:500px;\"><article class=\"fusion-post-grid fusion-post-masonry post fusion-grid-sizer\"><\/article><article id=\"blog-2-post-4263\" class=\"fusion-post-masonry fusion-post-grid fusion-element-grid post-4263 post type-post status-publish format-standard has-post-thumbnail hentry category-uncategorized tag-studie-en\">\n<div class=\"fusion-post-wrapper\" style=\"background-color:rgb(255,255,255);border:1px solid #e1e1e1;border-bottom-width:3px;\">\n\n<div  class=\"fusion-masonry-element-container fusion-image-wrapper\" style=\"background-image:url(https:\/\/novyfonograf.cz\/wp-content\/uploads\/2019\/01\/MG_2885-2.jpg);padding-top:calc((100% + 18px) * 0.8 - 10px);\" aria-haspopup=\"true\">\n\t\n\t\n\t\n\t\t\n\t\t\t\t\t<img width=\"1366\" height=\"864\" src=\"https:\/\/novyfonograf.cz\/wp-content\/uploads\/2019\/01\/MG_2885-2.jpg\" class=\"attachment-full size-full wp-post-image\" alt=\"\" srcset=\"https:\/\/novyfonograf.cz\/wp-content\/uploads\/2019\/01\/MG_2885-2-200x127.jpg 200w, https:\/\/novyfonograf.cz\/wp-content\/uploads\/2019\/01\/MG_2885-2-400x253.jpg 400w, https:\/\/novyfonograf.cz\/wp-content\/uploads\/2019\/01\/MG_2885-2-600x380.jpg 600w, https:\/\/novyfonograf.cz\/wp-content\/uploads\/2019\/01\/MG_2885-2-800x506.jpg 800w, https:\/\/novyfonograf.cz\/wp-content\/uploads\/2019\/01\/MG_2885-2-1200x759.jpg 1200w, https:\/\/novyfonograf.cz\/wp-content\/uploads\/2019\/01\/MG_2885-2.jpg 1366w\" sizes=\"(min-width: 2200px) 100vw, (min-width: 712px) 590px, (min-width: 640px) 712px, \" \/>\n\t\n\n\t\t<div class=\"fusion-rollover\">\n\t<div class=\"fusion-rollover-content\">\n\n\t\t\t\t\t\t\t\t\t\t\t\t\t\t<a class=\"fusion-rollover-link\" href=\"https:\/\/novyfonograf.cz\/en\/uncategorized\/zvukove-dokumenty-ve-fondech-pametovych-instituci\/\">Audio documents in the collections of memory institutions<\/a>\n\t\t\t\n\t\t\t\t\t\t\t\t\n\t\t\t\t\n\t\t\t\t\t\t\t\t\t\t\t\t<h4 class=\"fusion-rollover-title\">\n\t\t\t\t\t<a class=\"fusion-rollover-title-link\" href=\"https:\/\/novyfonograf.cz\/en\/uncategorized\/zvukove-dokumenty-ve-fondech-pametovych-instituci\/\">\n\t\t\t\t\t\tAudio documents in the collections of memory institutions\t\t\t\t\t<\/a>\n\t\t\t\t<\/h4>\n\t\t\t\n\t\t\t\t\t\t\t\t\n\t\t\n\t\t\t\t<a class=\"fusion-link-wrapper\" href=\"https:\/\/novyfonograf.cz\/en\/uncategorized\/zvukove-dokumenty-ve-fondech-pametovych-instituci\/\" aria-label=\"Audio documents in the collections of memory institutions\"><\/a>\n\t<\/div>\n<\/div>\n\n\t\n<\/div>\n<div class=\"fusion-post-content-wrapper\" style=\"padding:30px 25px 20px 25px;background-color:rgb(255,255,255);\"><div class=\"fusion-post-content post-content\"><h2 class=\"blog-shortcode-post-title\"><a href=\"https:\/\/novyfonograf.cz\/en\/uncategorized\/zvukove-dokumenty-ve-fondech-pametovych-instituci\/\">Audio documents in the collections of memory institutions<\/a><\/h2><p class=\"fusion-single-line-meta\"><span>9. 7. 2019<\/span><span class=\"fusion-inline-sep\">|<\/span><\/p><\/div><\/div><div class=\"fusion-clearfix\"><\/div><\/div>\n<\/article>\n<div class=\"fusion-clearfix\"><\/div><\/div><\/div>\n<\/div><div class=\"nav fusion-mobile-tab-nav\"><ul class=\"nav-tabs nav-justified\"><li><a class=\"tab-link\" data-toggle=\"tab\" role=\"tab\" aria-controls=\"tab-bc038e1b674af5bfde0\" aria-selected=\"false\" tabindex=\"-1\" id=\"mobile-fusion-tab-articles\" href=\"#tab-bc038e1b674af5bfde0\"><h4 class=\"fusion-tab-heading\">ARTICLES<\/h4><\/a><\/li><\/ul><\/div><div class=\"tab-pane fade fusion-clearfix\" role=\"tabpanel\" tabindex=\"0\" aria-labelledby=\"fusion-tab-articles\" id=\"tab-e3d40bff61171166e12\">\n\n<\/div><div class=\"nav fusion-mobile-tab-nav\"><ul class=\"nav-tabs nav-justified\"><li><a class=\"tab-link\" data-toggle=\"tab\" role=\"tab\" aria-controls=\"tab-42e3c6e8d4c3ace56f9\" aria-selected=\"false\" tabindex=\"-1\" id=\"mobile-fusion-tab-presentation\" href=\"#tab-42e3c6e8d4c3ace56f9\"><h4 class=\"fusion-tab-heading\">PRESENTATION<\/h4><\/a><\/li><\/ul><\/div><div class=\"tab-pane fade fusion-clearfix\" role=\"tabpanel\" tabindex=\"0\" aria-labelledby=\"fusion-tab-presentation\" id=\"tab-bd48c6f1a8cb03d7fc9\">\n<div class=\"fusion-blog-shortcode fusion-blog-shortcode-4 fusion-blog-archive fusion-blog-layout-grid-wrapper fusion-blog-no cstm-tabs\"><style type=\"text\/css\">.fusion-blog-shortcode-4 .fusion-blog-layout-grid .fusion-post-grid{padding:10px;}.fusion-blog-shortcode-4 .fusion-posts-container{margin-left: -10px !important; margin-right:-10px !important;}<\/style><div class=\"fusion-posts-container fusion-posts-container-no fusion-blog-rollover fusion-blog-layout-grid fusion-blog-layout-grid-2 isotope fusion-blog-layout-masonry\" data-pages=\"0\" data-grid-col-space=\"20\" style=\"margin: -10px -10px 0;min-height:500px;\"><article class=\"fusion-post-grid fusion-post-masonry post fusion-grid-sizer\"><\/article><article id=\"blog-4-post-4333\" class=\"fusion-post-masonry fusion-post-grid fusion-element-grid post-4333 post type-post status-publish format-standard has-post-thumbnail hentry category-archiv-en category-filip-sir-en category-pokrok-en category-progress category-publikace-en category-vzdelavani-en tag-prezentace-en\">\n<div class=\"fusion-post-wrapper\" style=\"background-color:rgb(255,255,255);border:1px solid #e1e1e1;border-bottom-width:3px;\">\n\n<div  class=\"fusion-masonry-element-container fusion-image-wrapper\" style=\"background-image:url(https:\/\/novyfonograf.cz\/wp-content\/uploads\/2019\/07\/FILIP-SIR-IAML-2019.png);padding-top:calc((100% + 18px) * 0.8 - 10px);\" aria-haspopup=\"true\">\n\t\n\t\n\t\n\t\t\n\t\t\t\t\t<img width=\"1119\" height=\"742\" src=\"https:\/\/novyfonograf.cz\/wp-content\/uploads\/2019\/07\/FILIP-SIR-IAML-2019.png\" class=\"attachment-full size-full wp-post-image\" alt=\"\" srcset=\"https:\/\/novyfonograf.cz\/wp-content\/uploads\/2019\/07\/FILIP-SIR-IAML-2019-200x133.png 200w, https:\/\/novyfonograf.cz\/wp-content\/uploads\/2019\/07\/FILIP-SIR-IAML-2019-400x265.png 400w, https:\/\/novyfonograf.cz\/wp-content\/uploads\/2019\/07\/FILIP-SIR-IAML-2019-600x398.png 600w, https:\/\/novyfonograf.cz\/wp-content\/uploads\/2019\/07\/FILIP-SIR-IAML-2019-800x530.png 800w, https:\/\/novyfonograf.cz\/wp-content\/uploads\/2019\/07\/FILIP-SIR-IAML-2019.png 1119w\" sizes=\"(min-width: 2200px) 100vw, (min-width: 712px) 590px, (min-width: 640px) 712px, \" \/>\n\t\n\n\t\t<div class=\"fusion-rollover\">\n\t<div class=\"fusion-rollover-content\">\n\n\t\t\t\t\t\t\t\t\t\t\t\t\t\t<a class=\"fusion-rollover-link\" href=\"https:\/\/novyfonograf.cz\/en\/filip-sir-en\/iaml-2019-filip-sir\/\">IAML 2019 &#8211; Filip \u0160\u00edr<\/a>\n\t\t\t\n\t\t\t\t\t\t\t\t\n\t\t\t\t\n\t\t\t\t\t\t\t\t\t\t\t\t<h4 class=\"fusion-rollover-title\">\n\t\t\t\t\t<a class=\"fusion-rollover-title-link\" href=\"https:\/\/novyfonograf.cz\/en\/filip-sir-en\/iaml-2019-filip-sir\/\">\n\t\t\t\t\t\tIAML 2019 &#8211; Filip \u0160\u00edr\t\t\t\t\t<\/a>\n\t\t\t\t<\/h4>\n\t\t\t\n\t\t\t\t\t\t\t\t\n\t\t\n\t\t\t\t<a class=\"fusion-link-wrapper\" href=\"https:\/\/novyfonograf.cz\/en\/filip-sir-en\/iaml-2019-filip-sir\/\" aria-label=\"IAML 2019 &#8211; Filip \u0160\u00edr\"><\/a>\n\t<\/div>\n<\/div>\n\n\t\n<\/div>\n<div class=\"fusion-post-content-wrapper\" style=\"padding:30px 25px 20px 25px;background-color:rgb(255,255,255);\"><div class=\"fusion-post-content post-content\"><h2 class=\"blog-shortcode-post-title\"><a href=\"https:\/\/novyfonograf.cz\/en\/filip-sir-en\/iaml-2019-filip-sir\/\">IAML 2019 &#8211; Filip \u0160\u00edr<\/a><\/h2><p class=\"fusion-single-line-meta\"><span>24. 7. 2019<\/span><span class=\"fusion-inline-sep\">|<\/span><\/p><\/div><\/div><div class=\"fusion-clearfix\"><\/div><\/div>\n<\/article>\n<div class=\"fusion-clearfix\"><\/div><\/div><\/div>\n<\/div><\/div><\/div><div class=\"fusion-clearfix\"><\/div><\/div><\/div><\/div><\/div>\n","protected":false},"excerpt":{"rendered":"","protected":false},"author":4,"featured_media":0,"parent":1475,"menu_order":4,"comment_status":"closed","ping_status":"closed","template":"","meta":[],"_links":{"self":[{"href":"https:\/\/novyfonograf.cz\/en\/wp-json\/wp\/v2\/pages\/1486"}],"collection":[{"href":"https:\/\/novyfonograf.cz\/en\/wp-json\/wp\/v2\/pages"}],"about":[{"href":"https:\/\/novyfonograf.cz\/en\/wp-json\/wp\/v2\/types\/page"}],"author":[{"embeddable":true,"href":"https:\/\/novyfonograf.cz\/en\/wp-json\/wp\/v2\/users\/4"}],"replies":[{"embeddable":true,"href":"https:\/\/novyfonograf.cz\/en\/wp-json\/wp\/v2\/comments?post=1486"}],"version-history":[{"count":4,"href":"https:\/\/novyfonograf.cz\/en\/wp-json\/wp\/v2\/pages\/1486\/revisions"}],"predecessor-version":[{"id":4403,"href":"https:\/\/novyfonograf.cz\/en\/wp-json\/wp\/v2\/pages\/1486\/revisions\/4403"}],"up":[{"embeddable":true,"href":"https:\/\/novyfonograf.cz\/en\/wp-json\/wp\/v2\/pages\/1475"}],"wp:attachment":[{"href":"https:\/\/novyfonograf.cz\/en\/wp-json\/wp\/v2\/media?parent=1486"}],"curies":[{"name":"wp","href":"https:\/\/api.w.org\/{rel}","templated":true}]}}