{"id":3746,"date":"2018-07-14T01:37:29","date_gmt":"2018-07-13T23:37:29","guid":{"rendered":"http:\/\/novyfonograf.cz\/teams\/work-team\/martin-mejzr\/"},"modified":"2020-07-03T08:20:16","modified_gmt":"2020-07-03T06:20:16","slug":"martin-mejzr","status":"publish","type":"page","link":"https:\/\/novyfonograf.cz\/en\/teams\/work-team\/martin-mejzr\/","title":{"rendered":"Martin Mejzr"},"content":{"rendered":"<p><div class=\"fusion-fullwidth fullwidth-box fusion-builder-row-1 nonhundred-percent-fullwidth non-hundred-percent-height-scrolling\" style=\"background-color: rgba(255,255,255,0);background-position: center center;background-repeat: no-repeat;padding-top:0px;padding-right:0px;padding-bottom:50px;padding-left:0px;margin-bottom: 0px;margin-top: 0px;border-width: 0px 0px 0px 0px;border-color:#eae9e9;border-style:solid;\" ><div class=\"fusion-builder-row fusion-row\"><div class=\"fusion-layout-column fusion_builder_column fusion-builder-column-0 fusion_builder_column_1_2 1_2 fusion-one-half fusion-column-first\" style=\"width:50%;width:calc(50% - ( ( 4% ) * 0.5 ) );margin-right: 4%;margin-top:0px;margin-bottom:20px;\"><div class=\"fusion-column-wrapper fusion-flex-column-wrapper-legacy\" style=\"background-position:left top;background-repeat:no-repeat;-webkit-background-size:cover;-moz-background-size:cover;-o-background-size:cover;background-size:cover;padding: 0px 0px 0px 0px;\"><div class=\"fusion-image-carousel fusion-image-carousel-auto fusion-carousel-border\"><div class=\"fusion-carousel\" data-autoplay=\"no\" data-columns=\"1\" data-itemmargin=\"0\" data-itemwidth=\"180\" data-touchscroll=\"no\" data-imagesize=\"auto\"><div class=\"fusion-carousel-positioner\"><ul class=\"fusion-carousel-holder\"><li class=\"fusion-carousel-item\"><div class=\"fusion-carousel-item-wrapper\"><div class=\"fusion-image-wrapper hover-type-none\"><img width=\"800\" height=\"1200\" src=\"https:\/\/novyfonograf.cz\/wp-content\/uploads\/2020\/06\/naki-portrety-13.jpg\" class=\"attachment-full size-full\" alt=\"\" srcset=\"https:\/\/novyfonograf.cz\/wp-content\/uploads\/2020\/06\/naki-portrety-13-200x300.jpg 200w, https:\/\/novyfonograf.cz\/wp-content\/uploads\/2020\/06\/naki-portrety-13-400x600.jpg 400w, https:\/\/novyfonograf.cz\/wp-content\/uploads\/2020\/06\/naki-portrety-13-600x900.jpg 600w, https:\/\/novyfonograf.cz\/wp-content\/uploads\/2020\/06\/naki-portrety-13-683x1024.jpg 683w, https:\/\/novyfonograf.cz\/wp-content\/uploads\/2020\/06\/naki-portrety-13-768x1152.jpg 768w, https:\/\/novyfonograf.cz\/wp-content\/uploads\/2020\/06\/naki-portrety-13.jpg 800w\" sizes=\"(max-width: 800px) 100vw, 800px\" \/><\/div><\/div><\/li><li class=\"fusion-carousel-item\"><div class=\"fusion-carousel-item-wrapper\"><div class=\"fusion-image-wrapper hover-type-none\"><img width=\"800\" height=\"1200\" src=\"https:\/\/novyfonograf.cz\/wp-content\/uploads\/2020\/06\/naki-portrety-12.jpg\" class=\"attachment-full size-full\" alt=\"\" srcset=\"https:\/\/novyfonograf.cz\/wp-content\/uploads\/2020\/06\/naki-portrety-12-200x300.jpg 200w, https:\/\/novyfonograf.cz\/wp-content\/uploads\/2020\/06\/naki-portrety-12-400x600.jpg 400w, https:\/\/novyfonograf.cz\/wp-content\/uploads\/2020\/06\/naki-portrety-12-600x900.jpg 600w, https:\/\/novyfonograf.cz\/wp-content\/uploads\/2020\/06\/naki-portrety-12-683x1024.jpg 683w, https:\/\/novyfonograf.cz\/wp-content\/uploads\/2020\/06\/naki-portrety-12-768x1152.jpg 768w, https:\/\/novyfonograf.cz\/wp-content\/uploads\/2020\/06\/naki-portrety-12.jpg 800w\" sizes=\"(max-width: 800px) 100vw, 800px\" \/><\/div><\/div><\/li><li class=\"fusion-carousel-item\"><div class=\"fusion-carousel-item-wrapper\"><div class=\"fusion-image-wrapper hover-type-none\"><img width=\"922\" height=\"1382\" src=\"https:\/\/novyfonograf.cz\/wp-content\/uploads\/2018\/07\/Profilovky-7Net-1-1-e1589877108983.jpg\" class=\"attachment-full size-full\" alt=\"\" srcset=\"https:\/\/novyfonograf.cz\/wp-content\/uploads\/2018\/07\/Profilovky-7Net-1-1-e1589877108983-200x300.jpg 200w, https:\/\/novyfonograf.cz\/wp-content\/uploads\/2018\/07\/Profilovky-7Net-1-1-e1589877108983-400x600.jpg 400w, https:\/\/novyfonograf.cz\/wp-content\/uploads\/2018\/07\/Profilovky-7Net-1-1-e1589877108983-600x899.jpg 600w, https:\/\/novyfonograf.cz\/wp-content\/uploads\/2018\/07\/Profilovky-7Net-1-1-e1589877108983-683x1024.jpg 683w, https:\/\/novyfonograf.cz\/wp-content\/uploads\/2018\/07\/Profilovky-7Net-1-1-e1589877108983-768x1151.jpg 768w, https:\/\/novyfonograf.cz\/wp-content\/uploads\/2018\/07\/Profilovky-7Net-1-1-e1589877108983-800x1199.jpg 800w, https:\/\/novyfonograf.cz\/wp-content\/uploads\/2018\/07\/Profilovky-7Net-1-1-e1589877108983.jpg 922w\" sizes=\"(max-width: 922px) 100vw, 922px\" \/><\/div><\/div><\/li><\/ul><div class=\"fusion-carousel-nav\"><span class=\"fusion-nav-prev\"><\/span><span class=\"fusion-nav-next\"><\/span><\/div><\/div><\/div><\/div><div class=\"fusion-clearfix\"><\/div><\/div><\/div><div class=\"fusion-layout-column fusion_builder_column fusion-builder-column-1 fusion_builder_column_1_2 1_2 fusion-one-half fusion-column-last\" style=\"width:50%;width:calc(50% - ( ( 4% ) * 0.5 ) );margin-top:0px;margin-bottom:20px;\"><div class=\"fusion-column-wrapper fusion-flex-column-wrapper-legacy\" style=\"background-position:left top;background-repeat:no-repeat;-webkit-background-size:cover;-moz-background-size:cover;-o-background-size:cover;background-size:cover;padding: 0px 0px 0px 0px;\"><style type=\"text\/css\"><\/style><div class=\"fusion-title title fusion-title-1 fusion-sep-none fusion-title-text fusion-title-size-two\" style=\"margin-top:0px;margin-bottom:20px;\"><h2 class=\"title-heading-left\" style=\"margin:0;\">Bio<\/h2><\/div><ul class=\"fusion-checklist fusion-checklist-1\" style=\"font-size:17px;line-height:28.9px;\"><li class=\"fusion-li-item\"><span style=\"height:28.9px;width:28.9px;margin-right:11.9px;\" class=\"icon-wrapper circle-no\"><i class=\"fusion-li-icon fa fa-phone\" style=\"color:#12100f;\" aria-hidden=\"true\"><\/i><\/span><div class=\"fusion-li-item-content\" style=\"margin-left:40.8px;\">\n<p><span style=\"font-weight: 400;\">+420&nbsp;606&nbsp;388&nbsp;053<\/span><\/p>\n<\/div><\/li><li class=\"fusion-li-item\"><span style=\"height:28.9px;width:28.9px;margin-right:11.9px;\" class=\"icon-wrapper circle-no\"><i class=\"fusion-li-icon fa fa-envelope\" style=\"color:#12100f;\" aria-hidden=\"true\"><\/i><\/span><div class=\"fusion-li-item-content\" style=\"margin-left:40.8px;\">\n<p><a href=\"mailto:martin.mejzr@novyfonograf.cz\"><span data-sheets-value=\"{\" data-sheets-userformat=\"{\">martin.mejzr@novyfonograf.cz<\/span><\/a><\/p>\n<\/div><\/li><li class=\"fusion-li-item\"><span style=\"height:28.9px;width:28.9px;margin-right:11.9px;\" class=\"icon-wrapper circle-no\"><i class=\"fusion-li-icon fa fa-globe\" style=\"color:#12100f;\" aria-hidden=\"true\"><\/i><\/span><div class=\"fusion-li-item-content\" style=\"margin-left:40.8px;\">\n<p><a href=\"https:\/\/www.advojka.cz\/autori\/martin-mejzr\" target=\"_blank\" rel=\"noopener\">https:\/\/www.advojka.cz\/autori\/martin-mejzr<\/a><\/p>\n<\/div><\/li><\/ul><div class=\"fusion-sep-clear\"><\/div><div class=\"fusion-separator fusion-full-width-sep\" style=\"margin-left: auto;margin-right: auto;margin-bottom:20px;width:100%;\"><\/div><div class=\"fusion-sep-clear\"><\/div><div class=\"fusion-text fusion-text-1\" style=\"transform:translate3d(0,0,0);\"><p>Martin Mejzr, as part of the New Phonograph project, focuses on the handling of sound carriers, assessment of their condition and ways of protecting them and ensuring their long-term preservation. His professional orientation is a historian of contemporary, social and cultural history, focusing primarily on the history of popular culture in the Czech lands and the Central European region of the 19th and 20th centuries. Part of his interest is also the history of blues music with various thematic overlaps from its beginnings to the present. From 2014, he has been involved in the administration and administration of metadata of the eSbirky<em>.<\/em>cz web portal within the National Museum. In 2016 he attended the conference <strong>&#8220;Popular Music in Eastern Europe&#8221;<\/strong> in Debrecen, Hungary.<\/p>\n<\/div><div class=\"fusion-clearfix\"><\/div><\/div><\/div><\/div><\/div><div class=\"fusion-fullwidth fullwidth-box fusion-builder-row-2 nonhundred-percent-fullwidth non-hundred-percent-height-scrolling\" style=\"background-color: #f4f4f4;background-position: center center;background-repeat: no-repeat;padding-top:70px;padding-right:0px;padding-bottom:50px;padding-left:0px;margin-bottom: 0px;margin-top: 0px;border-width: 0px 0px 0px 0px;border-color:#eae9e9;border-style:solid;\" ><div class=\"fusion-builder-row fusion-row\"><div class=\"fusion-layout-column fusion_builder_column fusion-builder-column-2 fusion_builder_column_1_1 1_1 fusion-one-full fusion-column-first fusion-column-last fusion-column-no-min-height\" style=\"margin-top:0px;margin-bottom:20px;\"><div class=\"fusion-column-wrapper fusion-flex-column-wrapper-legacy\" style=\"background-position:left top;background-repeat:no-repeat;-webkit-background-size:cover;-moz-background-size:cover;-o-background-size:cover;background-size:cover;padding: 0px 0px 0px 0px;\"><style type=\"text\/css\"><\/style><div class=\"fusion-title title fusion-title-2 fusion-sep-none fusion-title-text fusion-title-size-two\" style=\"margin-top:0px;margin-bottom:31px;\"><h2 class=\"title-heading-left\" style=\"margin:0;\">Publications<\/h2><\/div><ul class=\"fusion-checklist fusion-checklist-2\" style=\"font-size:15px;line-height:25.5px;\"><li class=\"fusion-li-item\"><span style=\"height:25.5px;width:25.5px;margin-right:10.5px;\" class=\"icon-wrapper circle-no\"><i class=\"fusion-li-icon fa fa-book\" style=\"color:#12100f;\" aria-hidden=\"true\"><\/i><\/span><div class=\"fusion-li-item-content\" style=\"margin-left:36px;\">\n<p>MEJZR, Martin &#8211; DANIEL, Ond\u0159ej. (Ed.). Kultura sv\u00e9pomoc\u00ed: Ekonomick\u00e9 a politick\u00e9 rozm\u011bry v&nbsp;\u010desk\u00e9m subkulturn\u00edm prost\u0159ed\u00ed pozdn\u00edho st\u00e1tn\u00edho socialismu a postsocialismu, Univerzita Karlova, Filozofick\u00e1 fakulta, 2017.. Praha: N\u00e1rodn\u00ed muzeum, 2016.&nbsp;80 stran. ISBN 978-80-7036-517-5.<\/p>\n<\/div><\/li><li class=\"fusion-li-item\"><span style=\"height:25.5px;width:25.5px;margin-right:10.5px;\" class=\"icon-wrapper circle-no\"><i class=\"fusion-li-icon fa fa-book\" style=\"color:#12100f;\" aria-hidden=\"true\"><\/i><\/span><div class=\"fusion-li-item-content\" style=\"margin-left:36px;\">\n<p>MEJZR, Martin: Zp\u00e1tky ke ko\u0159en\u016fm: Sou\u010dasn\u00e9 blues mezi nostalgi\u00ed, komerc\u00ed a alternativou. In: A2 kulturn\u00ed \u010dtrn\u00e1ctiden\u00edk, \u010d. 10\/2017.<\/p>\n<\/div><\/li><li class=\"fusion-li-item\"><span style=\"height:25.5px;width:25.5px;margin-right:10.5px;\" class=\"icon-wrapper circle-no\"><i class=\"fusion-li-icon fa fa-book\" style=\"color:#12100f;\" aria-hidden=\"true\"><\/i><\/span><div class=\"fusion-li-item-content\" style=\"margin-left:36px;\">\n<p>MEJZR, Martin: \u010e\u00e1blova hudba: Bluesov\u00fd m\u00fdtus mezi akademick\u00fdm b\u00e1d\u00e1n\u00edm a turismem. In: A2 kulturn\u00ed \u010dtrn\u00e1ctiden\u00edk, \u010d. 7\/2018.<\/p>\n<\/div><\/li><\/ul><div class=\"fusion-clearfix\"><\/div><\/div><\/div><\/div><\/div><\/p>\n","protected":false},"excerpt":{"rendered":"","protected":false},"author":2,"featured_media":0,"parent":1471,"menu_order":0,"comment_status":"closed","ping_status":"closed","template":"100-width.php","meta":[],"_links":{"self":[{"href":"https:\/\/novyfonograf.cz\/en\/wp-json\/wp\/v2\/pages\/3746"}],"collection":[{"href":"https:\/\/novyfonograf.cz\/en\/wp-json\/wp\/v2\/pages"}],"about":[{"href":"https:\/\/novyfonograf.cz\/en\/wp-json\/wp\/v2\/types\/page"}],"author":[{"embeddable":true,"href":"https:\/\/novyfonograf.cz\/en\/wp-json\/wp\/v2\/users\/2"}],"replies":[{"embeddable":true,"href":"https:\/\/novyfonograf.cz\/en\/wp-json\/wp\/v2\/comments?post=3746"}],"version-history":[{"count":5,"href":"https:\/\/novyfonograf.cz\/en\/wp-json\/wp\/v2\/pages\/3746\/revisions"}],"predecessor-version":[{"id":6650,"href":"https:\/\/novyfonograf.cz\/en\/wp-json\/wp\/v2\/pages\/3746\/revisions\/6650"}],"up":[{"embeddable":true,"href":"https:\/\/novyfonograf.cz\/en\/wp-json\/wp\/v2\/pages\/1471"}],"wp:attachment":[{"href":"https:\/\/novyfonograf.cz\/en\/wp-json\/wp\/v2\/media?parent=3746"}],"curies":[{"name":"wp","href":"https:\/\/api.w.org\/{rel}","templated":true}]}}