{"id":3781,"date":"2018-10-09T11:25:39","date_gmt":"2018-10-09T09:25:39","guid":{"rendered":"http:\/\/novyfonograf.cz\/teams\/office\/petra-kralova\/"},"modified":"2019-04-26T21:17:55","modified_gmt":"2019-04-26T19:17:55","slug":"petra-kralova","status":"publish","type":"page","link":"https:\/\/novyfonograf.cz\/en\/teams\/petra-kralova\/","title":{"rendered":"Petra Kr\u00e1lov\u00e1"},"content":{"rendered":"<p><div class=\"fusion-fullwidth fullwidth-box fusion-builder-row-1 nonhundred-percent-fullwidth non-hundred-percent-height-scrolling\" style=\"background-color: rgba(255,255,255,0);background-position: center center;background-repeat: no-repeat;padding-top:0px;padding-right:0px;padding-bottom:50px;padding-left:0px;margin-bottom: 0px;margin-top: 0px;border-width: 0px 0px 0px 0px;border-color:#eae9e9;border-style:solid;\" ><div class=\"fusion-builder-row fusion-row\"><div class=\"fusion-layout-column fusion_builder_column fusion-builder-column-0 fusion_builder_column_1_2 1_2 fusion-one-half fusion-column-first\" style=\"width:50%;width:calc(50% - ( ( 4% ) * 0.5 ) );margin-right: 4%;margin-top:0px;margin-bottom:20px;\"><div class=\"fusion-column-wrapper fusion-flex-column-wrapper-legacy\" style=\"background-position:left top;background-repeat:no-repeat;-webkit-background-size:cover;-moz-background-size:cover;-o-background-size:cover;background-size:cover;padding: 0px 0px 0px 0px;\"><style type=\"text\/css\">.fusion-gallery-1 .fusion-gallery-image {border:0px solid #e2e2e2;}<\/style><div class=\"fusion-gallery fusion-gallery-container fusion-grid-1 fusion-columns-total-1 fusion-gallery-layout-grid fusion-gallery-1\" style=\"margin:-5px;\"><div style=\"padding:5px;\" class=\"fusion-grid-column fusion-gallery-column fusion-gallery-column-1 hover-type-none\"><div class=\"fusion-gallery-image\"><a href=\"https:\/\/novyfonograf.cz\/wp-content\/uploads\/2018\/07\/PodpisNet.jpg\" rel=\"noreferrer\" data-rel=\"iLightbox[gallery_image_1]\" class=\"fusion-lightbox\"><img src=\"https:\/\/novyfonograf.cz\/wp-content\/uploads\/2018\/07\/PodpisNet.jpg\" width=\"1192\" height=\"795\" alt=\"\" title=\"Petra-Kralova\" aria-label=\"Petra-Kralova\" class=\"img-responsive wp-image-745\" srcset=\"https:\/\/novyfonograf.cz\/wp-content\/uploads\/2018\/07\/PodpisNet-200x133.jpg 200w, https:\/\/novyfonograf.cz\/wp-content\/uploads\/2018\/07\/PodpisNet-400x267.jpg 400w, https:\/\/novyfonograf.cz\/wp-content\/uploads\/2018\/07\/PodpisNet-600x400.jpg 600w, https:\/\/novyfonograf.cz\/wp-content\/uploads\/2018\/07\/PodpisNet-800x534.jpg 800w, https:\/\/novyfonograf.cz\/wp-content\/uploads\/2018\/07\/PodpisNet.jpg 1192w\" sizes=\"(min-width: 2200px) 100vw, (min-width: 640px) 1200px, \" \/><\/a><\/div><\/div><div class=\"clearfix\"><\/div><\/div><div class=\"fusion-clearfix\"><\/div><\/div><\/div><div class=\"fusion-layout-column fusion_builder_column fusion-builder-column-1 fusion_builder_column_1_2 1_2 fusion-one-half fusion-column-last\" style=\"width:50%;width:calc(50% - ( ( 4% ) * 0.5 ) );margin-top:0px;margin-bottom:20px;\"><div class=\"fusion-column-wrapper fusion-flex-column-wrapper-legacy\" style=\"background-position:left top;background-repeat:no-repeat;-webkit-background-size:cover;-moz-background-size:cover;-o-background-size:cover;background-size:cover;padding: 0px 0px 0px 0px;\"><style type=\"text\/css\"><\/style><div class=\"fusion-title title fusion-title-1 fusion-sep-none fusion-title-text fusion-title-size-two\" style=\"margin-top:0px;margin-bottom:20px;\"><h2 class=\"title-heading-left\" style=\"margin:0;\">Bio<\/h2><\/div><ul class=\"fusion-checklist fusion-checklist-1\" style=\"font-size:17px;line-height:28.9px;\"><li class=\"fusion-li-item\"><span style=\"height:28.9px;width:28.9px;margin-right:11.9px;\" class=\"icon-wrapper circle-no\"><i class=\"fusion-li-icon fa fa-envelope\" style=\"color:#12100f;\" aria-hidden=\"true\"><\/i><\/span><div class=\"fusion-li-item-content\" style=\"margin-left:40.8px;\">\n<p>petra.kralova@novyfonograf.cz<\/p>\n<\/div><\/li><\/ul><div class=\"fusion-sep-clear\"><\/div><div class=\"fusion-separator fusion-full-width-sep\" style=\"margin-left: auto;margin-right: auto;margin-bottom:20px;width:100%;\"><\/div><div class=\"fusion-sep-clear\"><\/div><div class=\"fusion-text fusion-text-1\" style=\"transform:translate3d(0,0,0);\"><p>Petra Vl\u010dkov\u00e1 Kr\u00e1lov\u00e1 is a graduate of the University of Economics, Prague (V\u0160E) in the field of business economics management with a secondary specialization in marketing, as well as a graduate student at Czech Technical University in Prague, \u010cTU with a focus on product management. She has experience working within both corporations and smaller private companies, where she has held marketing and internal audit positions. At this time she works as an assistant professor at Czech Technical University in Prague, \u010cTU, and the Masaryk Institute of Higher Studies, where she lectures on marketing. Within the New Phonograph project, Petra holds the role of project administrator, coordinating activities related to team communication and internal team processes.<\/p>\n<p><span style=\"font-weight: 400;\">\u00a0<\/span><\/p>\n<\/div><div class=\"fusion-clearfix\"><\/div><\/div><\/div><\/div><\/div><div class=\"fusion-fullwidth fullwidth-box fusion-builder-row-2 nonhundred-percent-fullwidth non-hundred-percent-height-scrolling\" style=\"background-color: #f4f4f4;background-position: center center;background-repeat: no-repeat;padding-top:70px;padding-right:0px;padding-bottom:50px;padding-left:0px;margin-bottom: 0px;margin-top: 0px;border-width: 0px 0px 0px 0px;border-color:#eae9e9;border-style:solid;\" ><div class=\"fusion-builder-row fusion-row\"><div class=\"fusion-layout-column fusion_builder_column fusion-builder-column-2 fusion_builder_column_1_1 1_1 fusion-one-full fusion-column-first fusion-column-last fusion-column-no-min-height\" style=\"margin-top:0px;margin-bottom:20px;\"><div class=\"fusion-column-wrapper fusion-flex-column-wrapper-legacy\" style=\"background-position:left top;background-repeat:no-repeat;-webkit-background-size:cover;-moz-background-size:cover;-o-background-size:cover;background-size:cover;padding: 0px 0px 0px 0px;\"><style type=\"text\/css\"><\/style><div class=\"fusion-title title fusion-title-2 fusion-sep-none fusion-title-text fusion-title-size-two\" style=\"margin-top:0px;margin-bottom:31px;\"><h2 class=\"title-heading-left\" style=\"margin:0;\">Publications<\/h2><\/div><ul class=\"fusion-checklist fusion-checklist-2\" style=\"font-size:15px;line-height:25.5px;\"><li class=\"fusion-li-item\"><span style=\"height:25.5px;width:25.5px;margin-right:10.5px;\" class=\"icon-wrapper circle-no\"><i class=\"fusion-li-icon fa fa-book\" style=\"color:#12100f;\" aria-hidden=\"true\"><\/i><\/span><div class=\"fusion-li-item-content\" style=\"margin-left:36px;\">\n<p>Vl\u010dkov\u00e1, P.: Marketing v&nbsp;dob\u011b krize. <strong>Marketing &amp; komunikace<\/strong>. 2009, ro\u010d. XIX, \u010d. 2, s. 28-29. ISSN 1211-5622<\/p>\n<\/div><\/li><li class=\"fusion-li-item\"><span style=\"height:25.5px;width:25.5px;margin-right:10.5px;\" class=\"icon-wrapper circle-no\"><i class=\"fusion-li-icon fa fa-book\" style=\"color:#12100f;\" aria-hidden=\"true\"><\/i><\/span><div class=\"fusion-li-item-content\" style=\"margin-left:36px;\">\n<p><span style=\"font-weight: 400;\">Vl\u010dkov\u00e1, P.: Zvy\u0161ov\u00e1n\u00ed efektivity marketingu. <strong>Marketing &amp; komunikace<\/strong>. 2009, ro\u010d. XIX, \u010d. 4, s. 4-5. ISSN 1211-5622.<\/span><\/p>\n<\/div><\/li><li class=\"fusion-li-item\"><span style=\"height:25.5px;width:25.5px;margin-right:10.5px;\" class=\"icon-wrapper circle-no\"><i class=\"fusion-li-icon fa fa-book\" style=\"color:#12100f;\" aria-hidden=\"true\"><\/i><\/span><div class=\"fusion-li-item-content\" style=\"margin-left:36px;\">\n<p><span style=\"font-weight: 400;\">Vl\u010dkov\u00e1, P.: Jak komunikovat v&nbsp;roce 2009. <strong>Marketing &amp; komunikace<\/strong>. 2008, ro\u010d. XVIII., \u010d. 4, s. 4-5. ISSN 1211-5622.<\/span><\/p>\n<\/div><\/li><li class=\"fusion-li-item\"><span style=\"height:25.5px;width:25.5px;margin-right:10.5px;\" class=\"icon-wrapper circle-no\"><i class=\"fusion-li-icon fa fa-book\" style=\"color:#12100f;\" aria-hidden=\"true\"><\/i><\/span><div class=\"fusion-li-item-content\" style=\"margin-left:36px;\">\n<p>Vl\u010dkov\u00e1, P.: Sponzoring. <strong>Marketing &amp; komunikace<\/strong>. 2008, ro\u010d. XVIII., \u010d. 2, s. 30-31. ISSN 1211-5622.<\/p>\n<\/div><\/li><li class=\"fusion-li-item\"><span style=\"height:25.5px;width:25.5px;margin-right:10.5px;\" class=\"icon-wrapper circle-no\"><i class=\"fusion-li-icon fa fa-book\" style=\"color:#12100f;\" aria-hidden=\"true\"><\/i><\/span><div class=\"fusion-li-item-content\" style=\"margin-left:36px;\">\n<p><span style=\"font-weight: 400;\">Myslive\u010dek, O. &#8211; Vl\u010dkov\u00e1, P.: Sou\u010dasnost a budoucnost marketingov\u00e9ho v\u00fdzkumu . <strong>Marketing &amp; komunikace<\/strong>. 2007, ro\u010d. XVII, \u010d. 2, s. 24-25. ISSN 1211-5622. (spolu\u00fa\u010dast \u00a0disertanta na \u010dl\u00e1nku 50%)<\/span><\/p>\n<\/div><\/li><li class=\"fusion-li-item\"><span style=\"height:25.5px;width:25.5px;margin-right:10.5px;\" class=\"icon-wrapper circle-no\"><i class=\"fusion-li-icon fa fa-book\" style=\"color:#12100f;\" aria-hidden=\"true\"><\/i><\/span><div class=\"fusion-li-item-content\" style=\"margin-left:36px;\">\n<p><span style=\"font-weight: 400;\">Vl\u010dkov\u00e1, P.: Co znamen\u00e1 inovace? . <strong>Automatizace<\/strong>. 2007, ro\u010d. 50, \u010d. 9, s. 566-567. ISSN 0005-125X.<\/span><\/p>\n<\/div><\/li><li class=\"fusion-li-item\"><span style=\"height:25.5px;width:25.5px;margin-right:10.5px;\" class=\"icon-wrapper circle-no\"><i class=\"fusion-li-icon fa fa-book\" style=\"color:#12100f;\" aria-hidden=\"true\"><\/i><\/span><div class=\"fusion-li-item-content\" style=\"margin-left:36px;\">\n<p><span style=\"font-weight: 400;\">Vl\u010dkov\u00e1, P.: Marketing Trend &#8211; podzim 2006. <strong>Marketing &amp; komunikace.<\/strong> 2006, ro\u010d. XVI., \u010d. 4, s. 4-5. ISSN 1211-5622.<\/span><\/p>\n<\/div><\/li><li class=\"fusion-li-item\"><span style=\"height:25.5px;width:25.5px;margin-right:10.5px;\" class=\"icon-wrapper circle-no\"><i class=\"fusion-li-icon fa fa-book\" style=\"color:#12100f;\" aria-hidden=\"true\"><\/i><\/span><div class=\"fusion-li-item-content\" style=\"margin-left:36px;\">\n<p><span style=\"font-weight: 400;\">Vl\u010dkov\u00e1, P.: Nov\u00e9 cesty v&nbsp;marketingu. <strong>event &amp; promotion.<\/strong> 2006, ro\u010d. 2., \u010d. 11, s. 37. ISSN 1801-7541.<\/span><\/p>\n<\/div><\/li><li class=\"fusion-li-item\"><span style=\"height:25.5px;width:25.5px;margin-right:10.5px;\" class=\"icon-wrapper circle-no\"><i class=\"fusion-li-icon fa fa-book\" style=\"color:#12100f;\" aria-hidden=\"true\"><\/i><\/span><div class=\"fusion-li-item-content\" style=\"margin-left:36px;\">\n<p><span style=\"font-weight: 400;\">Vl\u010dkov\u00e1, P.: \u0158\u00edzen\u00ed v\u00fdroby a management produktu. <strong>Automatizace<\/strong>. 2005, ro\u010d. 48, \u010d. 12, s. 752-753. ISSN 0005-125X.<\/span><\/p>\n<\/div><\/li><\/ul><div class=\"fusion-clearfix\"><\/div><\/div><\/div><\/div><\/div><\/p>\n","protected":false},"excerpt":{"rendered":"","protected":false},"author":2,"featured_media":0,"parent":3010,"menu_order":0,"comment_status":"closed","ping_status":"closed","template":"","meta":[],"_links":{"self":[{"href":"https:\/\/novyfonograf.cz\/en\/wp-json\/wp\/v2\/pages\/3781"}],"collection":[{"href":"https:\/\/novyfonograf.cz\/en\/wp-json\/wp\/v2\/pages"}],"about":[{"href":"https:\/\/novyfonograf.cz\/en\/wp-json\/wp\/v2\/types\/page"}],"author":[{"embeddable":true,"href":"https:\/\/novyfonograf.cz\/en\/wp-json\/wp\/v2\/users\/2"}],"replies":[{"embeddable":true,"href":"https:\/\/novyfonograf.cz\/en\/wp-json\/wp\/v2\/comments?post=3781"}],"version-history":[{"count":2,"href":"https:\/\/novyfonograf.cz\/en\/wp-json\/wp\/v2\/pages\/3781\/revisions"}],"predecessor-version":[{"id":3783,"href":"https:\/\/novyfonograf.cz\/en\/wp-json\/wp\/v2\/pages\/3781\/revisions\/3783"}],"up":[{"embeddable":true,"href":"https:\/\/novyfonograf.cz\/en\/wp-json\/wp\/v2\/pages\/3010"}],"wp:attachment":[{"href":"https:\/\/novyfonograf.cz\/en\/wp-json\/wp\/v2\/media?parent=3781"}],"curies":[{"name":"wp","href":"https:\/\/api.w.org\/{rel}","templated":true}]}}