{"id":3808,"date":"2018-07-31T11:28:24","date_gmt":"2018-07-31T09:28:24","guid":{"rendered":"http:\/\/novyfonograf.cz\/teams\/work-team\/dominika-moravcikova\/"},"modified":"2020-05-19T10:49:24","modified_gmt":"2020-05-19T08:49:24","slug":"dominika-moravcikova","status":"publish","type":"page","link":"https:\/\/novyfonograf.cz\/en\/teams\/work-team\/dominika-moravcikova\/","title":{"rendered":"Dominika Morav\u010d\u00edkov\u00e1"},"content":{"rendered":"<div class=\"fusion-fullwidth fullwidth-box fusion-builder-row-1 nonhundred-percent-fullwidth non-hundred-percent-height-scrolling\" style=\"background-color: rgba(255,255,255,0);background-position: center center;background-repeat: no-repeat;padding-top:0px;padding-right:0px;padding-bottom:50px;padding-left:0px;margin-bottom: 0px;margin-top: 0px;border-width: 0px 0px 0px 0px;border-color:#eae9e9;border-style:solid;\" ><div class=\"fusion-builder-row fusion-row\"><div class=\"fusion-layout-column fusion_builder_column fusion-builder-column-0 fusion_builder_column_1_2 1_2 fusion-one-half fusion-column-first\" style=\"width:50%;width:calc(50% - ( ( 4% ) * 0.5 ) );margin-right: 4%;margin-top:0px;margin-bottom:20px;\"><div class=\"fusion-column-wrapper fusion-flex-column-wrapper-legacy\" style=\"background-position:left top;background-repeat:no-repeat;-webkit-background-size:cover;-moz-background-size:cover;-o-background-size:cover;background-size:cover;padding: 0px 0px 0px 0px;\"><div class=\"fusion-image-carousel fusion-image-carousel-auto fusion-carousel-border\"><div class=\"fusion-carousel\" data-autoplay=\"no\" data-columns=\"1\" data-itemmargin=\"0\" data-itemwidth=\"180\" data-touchscroll=\"no\" data-imagesize=\"auto\"><div class=\"fusion-carousel-positioner\"><ul class=\"fusion-carousel-holder\"><li class=\"fusion-carousel-item\"><div class=\"fusion-carousel-item-wrapper\"><div class=\"fusion-image-wrapper hover-type-none\"><img width=\"1200\" height=\"1200\" src=\"https:\/\/novyfonograf.cz\/wp-content\/uploads\/2020\/05\/portrety-naki-4.jpg\" class=\"attachment-full size-full\" alt=\"\" srcset=\"https:\/\/novyfonograf.cz\/wp-content\/uploads\/2020\/05\/portrety-naki-4-66x66.jpg 66w, https:\/\/novyfonograf.cz\/wp-content\/uploads\/2020\/05\/portrety-naki-4-150x150.jpg 150w, https:\/\/novyfonograf.cz\/wp-content\/uploads\/2020\/05\/portrety-naki-4-200x200.jpg 200w, https:\/\/novyfonograf.cz\/wp-content\/uploads\/2020\/05\/portrety-naki-4-300x300.jpg 300w, https:\/\/novyfonograf.cz\/wp-content\/uploads\/2020\/05\/portrety-naki-4-400x400.jpg 400w, https:\/\/novyfonograf.cz\/wp-content\/uploads\/2020\/05\/portrety-naki-4-600x600.jpg 600w, https:\/\/novyfonograf.cz\/wp-content\/uploads\/2020\/05\/portrety-naki-4-768x768.jpg 768w, https:\/\/novyfonograf.cz\/wp-content\/uploads\/2020\/05\/portrety-naki-4-800x800.jpg 800w, https:\/\/novyfonograf.cz\/wp-content\/uploads\/2020\/05\/portrety-naki-4-1024x1024.jpg 1024w, https:\/\/novyfonograf.cz\/wp-content\/uploads\/2020\/05\/portrety-naki-4.jpg 1200w\" sizes=\"(max-width: 1200px) 100vw, 1200px\" \/><\/div><\/div><\/li><\/ul><\/div><\/div><\/div><div class=\"fusion-clearfix\"><\/div><\/div><\/div><div class=\"fusion-layout-column fusion_builder_column fusion-builder-column-1 fusion_builder_column_1_2 1_2 fusion-one-half fusion-column-last\" style=\"width:50%;width:calc(50% - ( ( 4% ) * 0.5 ) );margin-top:0px;margin-bottom:20px;\"><div class=\"fusion-column-wrapper fusion-flex-column-wrapper-legacy\" style=\"background-position:left top;background-repeat:no-repeat;-webkit-background-size:cover;-moz-background-size:cover;-o-background-size:cover;background-size:cover;padding: 0px 0px 0px 0px;\"><style type=\"text\/css\"><\/style><div class=\"fusion-title title fusion-title-1 fusion-sep-none fusion-title-text fusion-title-size-two\" style=\"margin-top:0px;margin-bottom:20px;\"><h2 class=\"title-heading-left\" style=\"margin:0;\">Bio<\/h2><\/div><ul class=\"fusion-checklist fusion-checklist-1\" style=\"font-size:17px;line-height:28.9px;\"><li class=\"fusion-li-item\"><span style=\"height:28.9px;width:28.9px;margin-right:11.9px;\" class=\"icon-wrapper circle-no\"><i class=\"fusion-li-icon fa fa-envelope\" style=\"color:#12100f;\" aria-hidden=\"true\"><\/i><\/span><div class=\"fusion-li-item-content\" style=\"margin-left:40.8px;\">\n<p><a href=\"mailto:dominika.moravcikova@novyfonograf.cz\">dominika.moravcikova@novyfonograf.cz<\/a><\/p>\n<\/div><\/li><li class=\"fusion-li-item\"><span style=\"height:28.9px;width:28.9px;margin-right:11.9px;\" class=\"icon-wrapper circle-no\"><i class=\"fusion-li-icon fa fa-globe\" style=\"color:#12100f;\" aria-hidden=\"true\"><\/i><\/span><div class=\"fusion-li-item-content\" style=\"margin-left:40.8px;\">\n<p><a href=\"https:\/\/independent.academia.edu\/DominikaMoraV\u010d\u00edkov\u00e1\">independent.academia.edu\/DominikaMoraV\u010d\u00edkov\u00e1<\/a><\/p>\n<\/div><\/li><\/ul><div class=\"fusion-sep-clear\"><\/div><div class=\"fusion-separator fusion-full-width-sep\" style=\"margin-left: auto;margin-right: auto;margin-bottom:20px;width:100%;\"><\/div><div class=\"fusion-sep-clear\"><\/div><div class=\"fusion-text fusion-text-1\" style=\"transform:translate3d(0,0,0);\"><p>Dominika Morav\u010d\u00edkov\u00e1 is a graduate student in the Department of Musicology at Charles University, Prague. She completed her Bachelor\u2019s degree in musicology and film studies at Palack\u00fd University, Olomouc. As an associate of the department of digitalization of sound at the Czech Museum of Music in Prague, she collaborated on the exhibition \u2018Rusalka\u2019 in New York, organized by the Czech Center New York. She contributed as a researcher to the virtual exhibition of old manuscripts \u2018\u2026and the Word became Music\u2019 organized by the National Library of the Czech Republic. Dominika Morav\u010d\u00edkov\u00e1 is currently conducting research on nationalism and the representation of national minorities on the Slovak folklore talent show \u2018The Earth is Singing\u2019, as well as ethnographic research on the folklore revival movement in Slovakia. Her research interests include Slovak folklore in media, musical sound on talent TV, music revivalism and local identity.<\/p>\n<\/div><div class=\"fusion-clearfix\"><\/div><\/div><\/div><\/div><\/div>\n","protected":false},"excerpt":{"rendered":"","protected":false},"author":2,"featured_media":0,"parent":1471,"menu_order":0,"comment_status":"closed","ping_status":"closed","template":"100-width.php","meta":[],"_links":{"self":[{"href":"https:\/\/novyfonograf.cz\/en\/wp-json\/wp\/v2\/pages\/3808"}],"collection":[{"href":"https:\/\/novyfonograf.cz\/en\/wp-json\/wp\/v2\/pages"}],"about":[{"href":"https:\/\/novyfonograf.cz\/en\/wp-json\/wp\/v2\/types\/page"}],"author":[{"embeddable":true,"href":"https:\/\/novyfonograf.cz\/en\/wp-json\/wp\/v2\/users\/2"}],"replies":[{"embeddable":true,"href":"https:\/\/novyfonograf.cz\/en\/wp-json\/wp\/v2\/comments?post=3808"}],"version-history":[{"count":3,"href":"https:\/\/novyfonograf.cz\/en\/wp-json\/wp\/v2\/pages\/3808\/revisions"}],"predecessor-version":[{"id":6199,"href":"https:\/\/novyfonograf.cz\/en\/wp-json\/wp\/v2\/pages\/3808\/revisions\/6199"}],"up":[{"embeddable":true,"href":"https:\/\/novyfonograf.cz\/en\/wp-json\/wp\/v2\/pages\/1471"}],"wp:attachment":[{"href":"https:\/\/novyfonograf.cz\/en\/wp-json\/wp\/v2\/media?parent=3808"}],"curies":[{"name":"wp","href":"https:\/\/api.w.org\/{rel}","templated":true}]}}