{"id":3812,"date":"2018-11-05T02:09:00","date_gmt":"2018-11-05T01:09:00","guid":{"rendered":"http:\/\/novyfonograf.cz\/teams\/work-team\/martin-lhotak\/"},"modified":"2020-06-11T10:45:06","modified_gmt":"2020-06-11T08:45:06","slug":"martin-lhotak","status":"publish","type":"page","link":"https:\/\/novyfonograf.cz\/en\/teams\/work-team\/martin-lhotak\/","title":{"rendered":"Martin Lhot\u00e1k"},"content":{"rendered":"<p><div class=\"fusion-fullwidth fullwidth-box fusion-builder-row-1 nonhundred-percent-fullwidth non-hundred-percent-height-scrolling\" style=\"background-color: rgba(255,255,255,0);background-position: center center;background-repeat: no-repeat;padding-top:0px;padding-right:0px;padding-bottom:50px;padding-left:0px;margin-bottom: 0px;margin-top: 0px;border-width: 0px 0px 0px 0px;border-color:#eae9e9;border-style:solid;\" ><div class=\"fusion-builder-row fusion-row\"><div class=\"fusion-layout-column fusion_builder_column fusion-builder-column-0 fusion_builder_column_1_2 1_2 fusion-one-half fusion-column-first\" style=\"width:50%;width:calc(50% - ( ( 4% ) * 0.5 ) );margin-right: 4%;margin-top:0px;margin-bottom:20px;\"><div class=\"fusion-column-wrapper fusion-flex-column-wrapper-legacy\" style=\"background-position:left top;background-repeat:no-repeat;-webkit-background-size:cover;-moz-background-size:cover;-o-background-size:cover;background-size:cover;padding: 0px 0px 0px 0px;\"><div class=\"fusion-image-carousel fusion-image-carousel-auto fusion-carousel-border\"><div class=\"fusion-carousel\" data-autoplay=\"no\" data-columns=\"1\" data-itemmargin=\"0\" data-itemwidth=\"180\" data-touchscroll=\"no\" data-imagesize=\"auto\"><div class=\"fusion-carousel-positioner\"><ul class=\"fusion-carousel-holder\"><li class=\"fusion-carousel-item\"><div class=\"fusion-carousel-item-wrapper\"><div class=\"fusion-image-wrapper hover-type-none\"><img width=\"1200\" height=\"1200\" src=\"https:\/\/novyfonograf.cz\/wp-content\/uploads\/2020\/05\/portrety-naki-12.jpg\" class=\"attachment-full size-full\" alt=\"\" srcset=\"https:\/\/novyfonograf.cz\/wp-content\/uploads\/2020\/05\/portrety-naki-12-66x66.jpg 66w, https:\/\/novyfonograf.cz\/wp-content\/uploads\/2020\/05\/portrety-naki-12-150x150.jpg 150w, https:\/\/novyfonograf.cz\/wp-content\/uploads\/2020\/05\/portrety-naki-12-200x200.jpg 200w, https:\/\/novyfonograf.cz\/wp-content\/uploads\/2020\/05\/portrety-naki-12-300x300.jpg 300w, https:\/\/novyfonograf.cz\/wp-content\/uploads\/2020\/05\/portrety-naki-12-400x400.jpg 400w, https:\/\/novyfonograf.cz\/wp-content\/uploads\/2020\/05\/portrety-naki-12-600x600.jpg 600w, https:\/\/novyfonograf.cz\/wp-content\/uploads\/2020\/05\/portrety-naki-12-768x768.jpg 768w, https:\/\/novyfonograf.cz\/wp-content\/uploads\/2020\/05\/portrety-naki-12-800x800.jpg 800w, https:\/\/novyfonograf.cz\/wp-content\/uploads\/2020\/05\/portrety-naki-12-1024x1024.jpg 1024w, https:\/\/novyfonograf.cz\/wp-content\/uploads\/2020\/05\/portrety-naki-12.jpg 1200w\" sizes=\"(max-width: 1200px) 100vw, 1200px\" \/><\/div><\/div><\/li><\/ul><\/div><\/div><\/div><div class=\"fusion-clearfix\"><\/div><\/div><\/div><div class=\"fusion-layout-column fusion_builder_column fusion-builder-column-1 fusion_builder_column_1_2 1_2 fusion-one-half fusion-column-last\" style=\"width:50%;width:calc(50% - ( ( 4% ) * 0.5 ) );margin-top:0px;margin-bottom:20px;\"><div class=\"fusion-column-wrapper fusion-flex-column-wrapper-legacy\" style=\"background-position:left top;background-repeat:no-repeat;-webkit-background-size:cover;-moz-background-size:cover;-o-background-size:cover;background-size:cover;padding: 0px 0px 0px 0px;\"><style type=\"text\/css\"><\/style><div class=\"fusion-title title fusion-title-1 fusion-sep-none fusion-title-text fusion-title-size-two\" style=\"margin-top:0px;margin-bottom:20px;\"><h2 class=\"title-heading-left\" style=\"margin:0;\">Bio<\/h2><\/div><ul class=\"fusion-checklist fusion-checklist-1\" style=\"font-size:17px;line-height:28.9px;\"><li class=\"fusion-li-item\"><span style=\"height:28.9px;width:28.9px;margin-right:11.9px;\" class=\"icon-wrapper circle-no\"><i class=\"fusion-li-icon fa fa-envelope\" style=\"color:#12100f;\" aria-hidden=\"true\"><\/i><\/span><div class=\"fusion-li-item-content\" style=\"margin-left:40.8px;\">\n<p>lhotak@knav.cz<\/p>\n<\/div><\/li><li class=\"fusion-li-item\"><span style=\"height:28.9px;width:28.9px;margin-right:11.9px;\" class=\"icon-wrapper circle-no\"><i class=\"fusion-li-icon fa fa-globe\" style=\"color:#12100f;\" aria-hidden=\"true\"><\/i><\/span><div class=\"fusion-li-item-content\" style=\"margin-left:40.8px;\">\n<p><a href=\"https:\/\/www.lib.cas.cz\/en\/about-the-library\/organisational-structure\/people\/ing-martin-lhotak\/\">https:\/\/www.lib.cas.cz\/en\/about-the-library\/organisational-structure\/people\/ing-martin-lhotak\/\u00a0<\/a><\/p>\n<\/div><\/li><\/ul><div class=\"fusion-sep-clear\"><\/div><div class=\"fusion-separator fusion-full-width-sep\" style=\"margin-left: auto;margin-right: auto;margin-bottom:20px;width:100%;\"><\/div><div class=\"fusion-sep-clear\"><\/div><div class=\"fusion-text fusion-text-1\" style=\"transform:translate3d(0,0,0);\"><p>Ing. Martin Lhot\u00e1k has been working in the Library of the Academy of Sciences of the Czech Republic (KNAV) since 1997, where he served as head of the IT department for the first 10 years and was then the director of the library for two years. At present, he is the Deputy Director of R &amp; D, Research, Development and Technology.<\/p>\n<p>Martin Lhot\u00e1k is responsible for the establishment of the KNAV Digitization Center, which has been in operation since 2003 and focuses on the development of open source solutions for accessing, producing and archiving digital documents &#8211; Kramerius, ProArc, ARCLib. He has long been involved in realizing the Central Library of Czech Libraries &#8211; Libraries.cz. In connection with his scientific publications, he initiated the adoption of the Open Access Policy of the Czech Academy of Sciences and the establishment of the institutional repository of the Academy of Sciences of the Czech Republic.<\/p>\n<p>He has also been involved in the evaluation of scientific institutions, where he specializes in bibliometry, and has recently also focused on projects in the field of digital humanitarian infrastructure development through INDIHU and DESIR \/ DARIAH projects.<\/p>\n<\/div><div class=\"fusion-clearfix\"><\/div><\/div><\/div><\/div><\/div><div class=\"fusion-fullwidth fullwidth-box fusion-builder-row-2 nonhundred-percent-fullwidth non-hundred-percent-height-scrolling\" style=\"background-color: #f4f4f4;background-position: center center;background-repeat: no-repeat;padding-top:70px;padding-right:0px;padding-bottom:50px;padding-left:0px;margin-bottom: 0px;margin-top: 0px;border-width: 0px 0px 0px 0px;border-color:#eae9e9;border-style:solid;\" ><div class=\"fusion-builder-row fusion-row\"><div class=\"fusion-layout-column fusion_builder_column fusion-builder-column-2 fusion_builder_column_1_4 1_4 fusion-one-fourth fusion-column-first fusion-column-no-min-height\" style=\"width:25%;width:calc(25% - ( ( 4% ) * 0.25 ) );margin-right: 4%;margin-top:0px;margin-bottom:20px;\"><div class=\"fusion-column-wrapper fusion-flex-column-wrapper-legacy\" style=\"background-position:left top;background-repeat:no-repeat;-webkit-background-size:cover;-moz-background-size:cover;-o-background-size:cover;background-size:cover;border-right:1px solid #e1e1e1;padding: 0px 4% 0px 0px;\"><style type=\"text\/css\"><\/style><div class=\"fusion-title title fusion-title-2 fusion-sep-none fusion-title-text fusion-title-size-two\" style=\"margin-top:0px;margin-bottom:31px;\"><h2 class=\"title-heading-left\" style=\"margin:0;\">Open source software projects<\/h2><\/div><ul class=\"fusion-checklist fusion-checklist-2\" style=\"font-size:15px;line-height:25.5px;\"><li class=\"fusion-li-item\"><span style=\"height:25.5px;width:25.5px;margin-right:10.5px;\" class=\"icon-wrapper circle-no\"><i class=\"fusion-li-icon fa fa-chevron-right\" style=\"color:#12100f;\" aria-hidden=\"true\"><\/i><\/span><div class=\"fusion-li-item-content\" style=\"margin-left:36px;\">\n<p><a href=\"https:\/\/system-kramerius.cz\/\" target=\"_blank\" rel=\"noopener\">Kramerius\u00a0<\/a><\/p>\n<\/div><\/li><li class=\"fusion-li-item\"><span style=\"height:25.5px;width:25.5px;margin-right:10.5px;\" class=\"icon-wrapper circle-no\"><i class=\"fusion-li-icon fa fa-chevron-right\" style=\"color:#12100f;\" aria-hidden=\"true\"><\/i><\/span><div class=\"fusion-li-item-content\" style=\"margin-left:36px;\">\n<p><a href=\"https:\/\/github.com\/proarc\/proarc\/wiki\" target=\"_blank\" rel=\"noopener\">ProArc\u00a0<\/a><\/p>\n<\/div><\/li><li class=\"fusion-li-item\"><span style=\"height:25.5px;width:25.5px;margin-right:10.5px;\" class=\"icon-wrapper circle-no\"><i class=\"fusion-li-icon fa fa-chevron-right\" style=\"color:#12100f;\" aria-hidden=\"true\"><\/i><\/span><div class=\"fusion-li-item-content\" style=\"margin-left:36px;\">\n<p><a href=\"https:\/\/arclib.cz\/\" target=\"_blank\" rel=\"noopener\">ARCLib<\/a><\/p>\n<\/div><\/li><li class=\"fusion-li-item\"><span style=\"height:25.5px;width:25.5px;margin-right:10.5px;\" class=\"icon-wrapper circle-no\"><i class=\"fusion-li-icon fa fa-chevron-right\" style=\"color:#12100f;\" aria-hidden=\"true\"><\/i><\/span><div class=\"fusion-li-item-content\" style=\"margin-left:36px;\">\n<p><a href=\"https:\/\/indihu.cz\/\" target=\"_blank\" rel=\"noopener\">INDIHU\u00a0<\/a><\/p>\n<\/div><\/li><\/ul><div class=\"fusion-clearfix\"><\/div><\/div><\/div><div class=\"fusion-layout-column fusion_builder_column fusion-builder-column-3 fusion_builder_column_3_4 3_4 fusion-three-fourth fusion-column-last fusion-column-no-min-height\" style=\"width:75%;width:calc(75% - ( ( 4% ) * 0.75 ) );margin-top:0px;margin-bottom:20px;\"><div class=\"fusion-column-wrapper fusion-flex-column-wrapper-legacy\" style=\"background-position:left top;background-repeat:no-repeat;-webkit-background-size:cover;-moz-background-size:cover;-o-background-size:cover;background-size:cover;padding: 0px 0px 0px 0px;\"><style type=\"text\/css\"><\/style><div class=\"fusion-title title fusion-title-3 fusion-sep-none fusion-title-text fusion-title-size-two\" style=\"margin-top:0px;margin-bottom:31px;\"><h2 class=\"title-heading-left\" style=\"margin:0;\">Publications<\/h2><\/div><ul class=\"fusion-checklist fusion-checklist-3\" style=\"font-size:15px;line-height:25.5px;\"><li class=\"fusion-li-item\"><span style=\"height:25.5px;width:25.5px;margin-right:10.5px;\" class=\"icon-wrapper circle-no\"><i class=\"fusion-li-icon fa fa-book\" style=\"color:#12100f;\" aria-hidden=\"true\"><\/i><\/span><div class=\"fusion-li-item-content\" style=\"margin-left:36px;\">\n<p>LHOT\u00c1K, Martin. \u010cesk\u00e1 digit\u00e1ln\u00ed knihovna \u2013 agregace a zp\u0159\u00edstupn\u011bn\u00ed digit\u00e1ln\u00edho obrazu z&nbsp;\u010desk\u00fdch knihoven. [The Czech Digital Library \u2013 Aggregation and Dissemination of Digital Content from the Czech Libraries.] Knihovny zem\u00ed V4 v&nbsp;n\u00e1strah\u00e1ch digit\u00e1ln\u00edho v\u011bku : sborn\u00edk p\u0159\u00edsp\u011bvk\u016f ze 6.kolokvia knihovnicko- informa\u010dn\u00edch expert\u016f zem\u00ed V4+. Brno:Moravsk\u00e1 zemsk\u00e1 knihovna, 2016, s. 345-351. ISBN 978-80-7051-216-6.<\/p>\n<\/div><\/li><li class=\"fusion-li-item\"><span style=\"height:25.5px;width:25.5px;margin-right:10.5px;\" class=\"icon-wrapper circle-no\"><i class=\"fusion-li-icon fa fa-book\" style=\"color:#12100f;\" aria-hidden=\"true\"><\/i><\/span><div class=\"fusion-li-item-content\" style=\"margin-left:36px;\">\n<p><a href=\"http:\/\/or2013.net\/sites\/or2013.net\/files\/Lhotak_CDL_paper_proposal_OR2013.pdf\" target=\"_blank\" rel=\"noopener\">LHOT\u00c1K, Martin. The Czech Digital Library &#8211; Fedora Commons based solution for aggregation, reuse and dissemination of a digital content. In Open Repositories 2013, Charlottetown, Canada<\/a><\/p>\n<\/div><\/li><li class=\"fusion-li-item\"><span style=\"height:25.5px;width:25.5px;margin-right:10.5px;\" class=\"icon-wrapper circle-no\"><i class=\"fusion-li-icon fa fa-book\" style=\"color:#12100f;\" aria-hidden=\"true\"><\/i><\/span><div class=\"fusion-li-item-content\" style=\"margin-left:36px;\">\n<p><a href=\"https:\/\/asep.lib.cas.cz\/arl-cav\/cs\/detail-cav_un_epca-0439916-Has-it-been-already-digitized-How-to-find-information-about-digitized-documents\/\" target=\"_blank\" rel=\"noopener\">FOLT\u00ddN, T. &#8211; LHOT\u00c1K, Martin &#8211; KOCOUREK, P. Has it been already digitized? How to find information about digitized documents. Proceedings of the ACM\/IEEE Joint Conference on Digital Libraries. New York : ACM, 2012, s. 383-384. ISBN 978-1-4503-1154-0. [ACM\/IEEE-CS Joint Conference on Digital Libraries \/12.\/. Washington, DC (US), 10.06.2012-14.06.2012]<\/a><\/p>\n<\/div><\/li><li class=\"fusion-li-item\"><span style=\"height:25.5px;width:25.5px;margin-right:10.5px;\" class=\"icon-wrapper circle-no\"><i class=\"fusion-li-icon fa fa-book\" style=\"color:#12100f;\" aria-hidden=\"true\"><\/i><\/span><div class=\"fusion-li-item-content\" style=\"margin-left:36px;\">\n<p><a href=\"https:\/\/www.inforum.cz\/pdf\/2012\/lhotak-martin.pdf\" target=\"_blank\" rel=\"noopener\">LHOT\u00c1K, Martin. \u010cesk\u00e1 digit\u00e1ln\u00ed knihovna a n\u00e1stroje pro zaji\u0161t\u011bn\u00ed digitaliza\u010dn\u00edch proces\u016f. INFORUM 2012: 18.&nbsp;ro\u010dn\u00edk konference o profesion\u00e1ln\u00edch informa\u010dn\u00edch zdroj\u00edch, 2012, Neuveden, \u010d. 1. ISSN 1801-2213.<\/a><\/p>\n<\/div><\/li><li class=\"fusion-li-item\"><span style=\"height:25.5px;width:25.5px;margin-right:10.5px;\" class=\"icon-wrapper circle-no\"><i class=\"fusion-li-icon fa fa-book\" style=\"color:#12100f;\" aria-hidden=\"true\"><\/i><\/span><div class=\"fusion-li-item-content\" style=\"margin-left:36px;\">\n<p><a href=\"http:\/\/www.knihovna.zcu.cz\/Caslin\/Caslin09.pdf\" target=\"_blank\" rel=\"noopener\">LHOT\u00c1K, Martin ; CH\u00ddLA, Roman. Open Access and institutional repository : approach of the Czech Academy of Science and link-up to international projects. In CASLIN 2009 : institutional online repositories and open access. Plze\u0148 : Z\u00e1pado\u010desk\u00e1 univerzita v&nbsp;Plzni, 2009. S. 71-73. ISBN 978-80-7043-806-0. [International seminar \/16.\/, Tepl\u00e1, 07.06.2009-11.06.2009, CZ].<\/a><\/p>\n<\/div><\/li><li class=\"fusion-li-item\"><span style=\"height:25.5px;width:25.5px;margin-right:10.5px;\" class=\"icon-wrapper circle-no\"><i class=\"fusion-li-icon fa fa-book\" style=\"color:#12100f;\" aria-hidden=\"true\"><\/i><\/span><div class=\"fusion-li-item-content\" style=\"margin-left:36px;\">\n<p><a href=\"http:\/\/akvs.cz\/akp-2007\/09-lhotak.pdf\">LHOT\u00c1K, Martin. Open source pro digit\u00e1ln\u00ed knihovnu. In Automatizace knihovnick\u00fdch proces\u016f &#8211; 11 : sborn\u00edk z&nbsp;11.&nbsp;ro\u010dn\u00edku semin\u00e1\u0159e po\u0159\u00e1dan\u00e9ho ve dnech 16.-17.&nbsp;kv\u011btna 2007 v&nbsp;Liberci.. Praha : \u010cVUT, 2007. S. 1-8. ISBN 978-80-01-03691- 4. [Automatizace knihovnick\u00fdch proces\u016f 2007 (AKP 2007) \/11.\/, Liberec, 16.05.2007- 17.05.2007, CZ].<\/a><\/p>\n<\/div><\/li><\/ul><div class=\"fusion-clearfix\"><\/div><\/div><\/div><\/div><\/div><div class=\"fusion-fullwidth fullwidth-box fusion-builder-row-3 nonhundred-percent-fullwidth non-hundred-percent-height-scrolling\" style=\"background-color: rgba(255,255,255,0);background-position: center center;background-repeat: no-repeat;padding-top:70px;padding-right:0px;padding-bottom:0px;padding-left:0px;margin-bottom: 0px;margin-top: 0px;border-width: 0px 0px 0px 0px;border-color:#eae9e9;border-style:solid;\" ><div class=\"fusion-builder-row fusion-row\"><div class=\"fusion-layout-column fusion_builder_column fusion-builder-column-4 fusion_builder_column_1_1 1_1 fusion-one-full fusion-column-first fusion-column-last\" style=\"margin-top:0px;margin-bottom:20px;\"><div class=\"fusion-column-wrapper fusion-flex-column-wrapper-legacy\" style=\"background-position:left top;background-repeat:no-repeat;-webkit-background-size:cover;-moz-background-size:cover;-o-background-size:cover;background-size:cover;padding: 0px 0px 0px 0px;\"><style type=\"text\/css\"><\/style><div class=\"fusion-title title fusion-title-4 fusion-sep-none fusion-title-text fusion-title-size-two\" style=\"margin-top:0px;margin-bottom:20px;\"><h2 class=\"title-heading-left\" style=\"margin:0;\">Selected Research Outputs \u2013 Software and Pilot Prototypes<\/h2><\/div><ul class=\"fusion-checklist fusion-checklist-4\" style=\"font-size:15px;line-height:25.5px;\"><li class=\"fusion-li-item\"><span style=\"height:25.5px;width:25.5px;margin-right:10.5px;\" class=\"icon-wrapper circle-no\"><i class=\"fusion-li-icon fa fa-bookmark\" style=\"color:#12100f;\" aria-hidden=\"true\"><\/i><\/span><div class=\"fusion-li-item-content\" style=\"margin-left:36px;\">\n<p>Lhot\u00e1k, Martin ; Folt\u00fdn, T. ; Kocourek, P. K5.&nbsp;2014. <a href=\"https:\/\/github.com\/ceskaexpedice\/kramerius\" target=\"_blank\" rel=\"noopener\">https:\/\/github.com\/ceskaexpedice\/kramerius <\/a><\/p>\n<p>Permanent link: <a href=\"http:\/\/hdl.handle.net\/11104\/0242346\" target=\"_blank\" rel=\"noopener\">http:\/\/hdl.handle.net\/11104\/0242346<\/a><\/p>\n<\/div><\/li><li class=\"fusion-li-item\"><span style=\"height:25.5px;width:25.5px;margin-right:10.5px;\" class=\"icon-wrapper circle-no\"><i class=\"fusion-li-icon fa fa-bookmark\" style=\"color:#12100f;\" aria-hidden=\"true\"><\/i><\/span><div class=\"fusion-li-item-content\" style=\"margin-left:36px;\">\n<p>Lhot\u00e1k, Martin ; Pokorsk\u00fd, Jan ; P\u0161eni\u010dka, Michal. ProArc 1.0 K4.&nbsp;2013. <a href=\"https:\/\/github.com\/proarc\/proarc\/wiki\" target=\"_blank\" rel=\"noopener\">https:\/\/github.com\/proarc\/proarc\/wiki<\/a> \/<\/p>\n<p>Permanent link: <a href=\"http:\/\/hdl.handle.net\/11104\/0229181\" target=\"_blank\" rel=\"noopener\">http:\/\/hdl.handle.net\/11104\/0229181<\/a><\/p>\n<\/div><\/li><li class=\"fusion-li-item\"><span style=\"height:25.5px;width:25.5px;margin-right:10.5px;\" class=\"icon-wrapper circle-no\"><i class=\"fusion-li-icon fa fa-bookmark\" style=\"color:#12100f;\" aria-hidden=\"true\"><\/i><\/span><div class=\"fusion-li-item-content\" style=\"margin-left:36px;\">\n<p>Lhot\u00e1k, Martin ; Ljubka, I. Registr digitalizace CZ. 2010.<\/p>\n<p>Permanent link: <a href=\"http:\/\/hdl.handle.net\/11104\/0194978\" target=\"_blank\" rel=\"noopener\">http:\/\/hdl.handle.net\/11104\/0194978<\/a><\/p>\n<\/div><\/li><li class=\"fusion-li-item\"><span style=\"height:25.5px;width:25.5px;margin-right:10.5px;\" class=\"icon-wrapper circle-no\"><i class=\"fusion-li-icon fa fa-bookmark\" style=\"color:#12100f;\" aria-hidden=\"true\"><\/i><\/span><div class=\"fusion-li-item-content\" style=\"margin-left:36px;\">\n<p>Lhot\u00e1k, Martin ; Duda, Martin. Digit\u00e1ln\u00ed knihovna AV \u010cR. 2009.<\/p>\n<p>Permanent link: <a href=\"http:\/\/hdl.handle.net\/11104\/0184070\" target=\"_blank\" rel=\"noopener\">http:\/\/hdl.handle.net\/11104\/0184070<\/a><\/p>\n<\/div><\/li><li class=\"fusion-li-item\"><span style=\"height:25.5px;width:25.5px;margin-right:10.5px;\" class=\"icon-wrapper circle-no\"><i class=\"fusion-li-icon fa fa-bookmark\" style=\"color:#12100f;\" aria-hidden=\"true\"><\/i><\/span><div class=\"fusion-li-item-content\" style=\"margin-left:36px;\">\n<p>Lhot\u00e1k, Martin ; Poli\u0161ensk\u00fd, J. Syst\u00e9m Kramerius verze 4.&nbsp;2009.<\/p>\n<p>Permanent link: <a href=\"http:\/\/hdl.handle.net\/11104\/0184064\" target=\"_blank\" rel=\"noopener\">http:\/\/hdl.handle.net\/11104\/0184064<\/a><\/p>\n<\/div><\/li><li class=\"fusion-li-item\"><span style=\"height:25.5px;width:25.5px;margin-right:10.5px;\" class=\"icon-wrapper circle-no\"><i class=\"fusion-li-icon fa fa-bookmark\" style=\"color:#12100f;\" aria-hidden=\"true\"><\/i><\/span><div class=\"fusion-li-item-content\" style=\"margin-left:36px;\">\n<p>R\u00e1kosn\u00edk, Ji\u0159\u00ed ; Lhot\u00e1k, Martin ; Barto\u0161ek, M. ; Sojka, P. ; Ulrych, O. \u010cesk\u00e1 digit\u00e1ln\u00ed matematick\u00e1 knihovna &#8211; DML-CZ. 2009.<\/p>\n<p>Permanent link: <a href=\"http:\/\/hdl.handle.net\/11104\/0181185\" target=\"_blank\" rel=\"noopener\">http:\/\/hdl.handle.net\/11104\/0181185<\/a><\/p>\n<\/div><\/li><\/ul><div class=\"fusion-clearfix\"><\/div><\/div><\/div><\/div><\/div><\/p>\n","protected":false},"excerpt":{"rendered":"","protected":false},"author":2,"featured_media":0,"parent":1471,"menu_order":0,"comment_status":"closed","ping_status":"closed","template":"100-width.php","meta":[],"_links":{"self":[{"href":"https:\/\/novyfonograf.cz\/en\/wp-json\/wp\/v2\/pages\/3812"}],"collection":[{"href":"https:\/\/novyfonograf.cz\/en\/wp-json\/wp\/v2\/pages"}],"about":[{"href":"https:\/\/novyfonograf.cz\/en\/wp-json\/wp\/v2\/types\/page"}],"author":[{"embeddable":true,"href":"https:\/\/novyfonograf.cz\/en\/wp-json\/wp\/v2\/users\/2"}],"replies":[{"embeddable":true,"href":"https:\/\/novyfonograf.cz\/en\/wp-json\/wp\/v2\/comments?post=3812"}],"version-history":[{"count":5,"href":"https:\/\/novyfonograf.cz\/en\/wp-json\/wp\/v2\/pages\/3812\/revisions"}],"predecessor-version":[{"id":6459,"href":"https:\/\/novyfonograf.cz\/en\/wp-json\/wp\/v2\/pages\/3812\/revisions\/6459"}],"up":[{"embeddable":true,"href":"https:\/\/novyfonograf.cz\/en\/wp-json\/wp\/v2\/pages\/1471"}],"wp:attachment":[{"href":"https:\/\/novyfonograf.cz\/en\/wp-json\/wp\/v2\/media?parent=3812"}],"curies":[{"name":"wp","href":"https:\/\/api.w.org\/{rel}","templated":true}]}}