{"id":3828,"date":"2018-10-02T10:10:00","date_gmt":"2018-10-02T08:10:00","guid":{"rendered":"http:\/\/novyfonograf.cz\/teams\/advisory-team\/gabriel-gossel\/"},"modified":"2020-06-11T10:47:28","modified_gmt":"2020-06-11T08:47:28","slug":"gabriel-gossel","status":"publish","type":"page","link":"https:\/\/novyfonograf.cz\/en\/teams\/gabriel-gossel\/","title":{"rendered":"In memoriam Gabriel G\u00f6ssel"},"content":{"rendered":"<p><div class=\"fusion-fullwidth fullwidth-box fusion-builder-row-1 nonhundred-percent-fullwidth non-hundred-percent-height-scrolling\" style=\"background-color: rgba(255,255,255,0);background-position: center center;background-repeat: no-repeat;padding-top:0px;padding-right:0px;padding-bottom:0px;padding-left:0px;margin-bottom: 0px;margin-top: 0px;border-width: 0px 0px 0px 0px;border-color:#eae9e9;border-style:solid;\" ><div class=\"fusion-builder-row fusion-row\"><div class=\"fusion-layout-column fusion_builder_column fusion-builder-column-0 fusion_builder_column_1_2 1_2 fusion-one-half fusion-column-first\" style=\"width:50%;width:calc(50% - ( ( 4% ) * 0.5 ) );margin-right: 4%;margin-top:0px;margin-bottom:20px;\"><div class=\"fusion-column-wrapper fusion-flex-column-wrapper-legacy\" style=\"background-position:left top;background-repeat:no-repeat;-webkit-background-size:cover;-moz-background-size:cover;-o-background-size:cover;background-size:cover;padding: 0px 0px 0px 0px;\"><div class=\"fusion-image-carousel fusion-image-carousel-auto fusion-carousel-border\"><div class=\"fusion-carousel\" data-autoplay=\"no\" data-columns=\"1\" data-itemmargin=\"0\" data-itemwidth=\"180\" data-touchscroll=\"no\" data-imagesize=\"auto\"><div class=\"fusion-carousel-positioner\"><ul class=\"fusion-carousel-holder\"><li class=\"fusion-carousel-item\"><div class=\"fusion-carousel-item-wrapper\"><div class=\"fusion-image-wrapper hover-type-none\"><img width=\"1200\" height=\"1198\" src=\"https:\/\/novyfonograf.cz\/wp-content\/uploads\/2020\/05\/portrety-naki-22.jpg\" class=\"attachment-full size-full\" alt=\"\" srcset=\"https:\/\/novyfonograf.cz\/wp-content\/uploads\/2020\/05\/portrety-naki-22-66x66.jpg 66w, https:\/\/novyfonograf.cz\/wp-content\/uploads\/2020\/05\/portrety-naki-22-150x150.jpg 150w, https:\/\/novyfonograf.cz\/wp-content\/uploads\/2020\/05\/portrety-naki-22-200x200.jpg 200w, https:\/\/novyfonograf.cz\/wp-content\/uploads\/2020\/05\/portrety-naki-22-300x300.jpg 300w, https:\/\/novyfonograf.cz\/wp-content\/uploads\/2020\/05\/portrety-naki-22-400x399.jpg 400w, https:\/\/novyfonograf.cz\/wp-content\/uploads\/2020\/05\/portrety-naki-22-600x599.jpg 600w, https:\/\/novyfonograf.cz\/wp-content\/uploads\/2020\/05\/portrety-naki-22-768x767.jpg 768w, https:\/\/novyfonograf.cz\/wp-content\/uploads\/2020\/05\/portrety-naki-22-800x799.jpg 800w, https:\/\/novyfonograf.cz\/wp-content\/uploads\/2020\/05\/portrety-naki-22-1024x1022.jpg 1024w, https:\/\/novyfonograf.cz\/wp-content\/uploads\/2020\/05\/portrety-naki-22.jpg 1200w\" sizes=\"(max-width: 1200px) 100vw, 1200px\" \/><\/div><\/div><\/li><\/ul><\/div><\/div><\/div><div class=\"fusion-clearfix\"><\/div><\/div><\/div><div class=\"fusion-layout-column fusion_builder_column fusion-builder-column-1 fusion_builder_column_1_2 1_2 fusion-one-half fusion-column-last\" style=\"width:50%;width:calc(50% - ( ( 4% ) * 0.5 ) );margin-top:0px;margin-bottom:20px;\"><div class=\"fusion-column-wrapper fusion-flex-column-wrapper-legacy\" style=\"background-position:left top;background-repeat:no-repeat;-webkit-background-size:cover;-moz-background-size:cover;-o-background-size:cover;background-size:cover;padding: 0px 0px 0px 0px;\"><div class=\"fusion-text fusion-text-1\" style=\"transform:translate3d(0,0,0);\"><p><span style=\"font-weight: 400;\">Gabriel G\u00f6ssel was a significant collector of gramophone discs and an expert in the beginnings of the Czech sound industry. He was born in 1943. In the late 1960\u2019s, G\u00f6ssel pursued higher education studying chemical-engineering. During this time he worked in a paper production factory. Due to complications with the state secret police (st\u00e1tn\u00ed bezpe\u010dnosti), he did not complete his studies. He worked as a technician until the early 1980\u2019s and afterwards worked as a freelancer and professionally translated technical texts. Later he also translated fiction (beletrii). Some of his translated texts include the works of Stephen King, <\/span><i><span style=\"font-weight: 400;\">The Heart is a Lonely Hunter<\/span><\/i><span style=\"font-weight: 400;\"> by Carson McCullers, as well as Orwell\u2019s <\/span><i><span style=\"font-weight: 400;\">Animal Farm<\/span><\/i><span style=\"font-weight: 400;\"> and <\/span><i><span style=\"font-weight: 400;\">Tribute to Catalonia<\/span><\/i><span style=\"font-weight: 400;\">. He published his translation of Orwell\u2019s <\/span><i><span style=\"font-weight: 400;\">Animal Farm <\/span><\/i><span style=\"font-weight: 400;\">following the Prague Spring takeover of August 1968.\u00a0<\/span><\/p>\n<p><span style=\"font-weight: 400;\">Also in August 1968, G\u00f6ssel demonstrated great courage and bravery when he defended against injustice in defense of the building which housed Czechoslovakian Radio. In later years he became involved in samizdat activities and worked with a social circle surrounding V\u00e1clav Havel. Here, he also participated in publishing the samizdat edition of <\/span><i><span style=\"font-weight: 400;\">Expedition<\/span><\/i><span style=\"font-weight: 400;\">. After Havel&#8217;s&nbsp;arrest and imprisonment in the late 1970s, Jan Lopatka and Ivan Havel became the chief editors. The editorial circle also included Zden\u011bk Urb\u00e1nek, Martin Palou\u0161, Josef Danisz and Gabriel G\u00f6ssel. As a result of his prior employment in a paper mill, Gabriel was also in charge of binding the publications.<\/span><\/p>\n<\/div><div class=\"fusion-clearfix\"><\/div><\/div><\/div><\/div><\/div><div class=\"fusion-fullwidth fullwidth-box fusion-builder-row-2 nonhundred-percent-fullwidth non-hundred-percent-height-scrolling\" style=\"background-color: rgba(255,255,255,0);background-position: center center;background-repeat: no-repeat;padding-top:0px;padding-right:0px;padding-bottom:50px;padding-left:0px;margin-bottom: 0px;margin-top: 0px;border-width: 0px 0px 0px 0px;border-color:#eae9e9;border-style:solid;\" ><div class=\"fusion-builder-row fusion-row\"><div class=\"fusion-layout-column fusion_builder_column fusion-builder-column-2 fusion_builder_column_1_1 1_1 fusion-one-full fusion-column-first fusion-column-last\" style=\"margin-top:0px;margin-bottom:20px;\"><div class=\"fusion-column-wrapper fusion-flex-column-wrapper-legacy\" style=\"background-position:left top;background-repeat:no-repeat;-webkit-background-size:cover;-moz-background-size:cover;-o-background-size:cover;background-size:cover;padding: 0px 0px 0px 0px;\"><div class=\"fusion-text fusion-text-2\" style=\"transform:translate3d(0,0,0);\"><p><span style=\"font-weight: 400;\">He began collecting records, turntables, and phonographs as early as the 1970s. Later in his collection of records he specialized mainly in Czech repertoire and the history of the domestic sound industry. Thanks to this lifelong interest, he collected an extensive collection of shellac records with historically significant recordings. He did not want to keep his knowledge to himself. That is why he devoted himself to educational and publishing activities, cooperating with Czech museums and other interest groups.\u00a0<\/span><\/p>\n<p><span style=\"font-weight: 400;\">He published educational texts on the history of sound recording in Czech lands that have been found in domestic and foreign professional journals such as Radio, Audio-Video, Generation, Vlasta, Fox on 78, Munich, Der Schalltrichter, Stuttgart, and For the Record, and he contributed to various discographies (Rainer Lotz Verlag, Bonn).<\/span><\/p>\n<p><span style=\"font-weight: 400;\">Between 1999 and 2006, Czech Radio 2 broadcast a regular weekly Fonogram GG program, featuring sound portraits of performers from popular music of the past. He prepared a series of multi-part musical profiles of Czech composers and performers of popular music of the past for Czech Radio Prague and Czech Radio Brno. The musical profiles included the works of Karel Ha\u0161ler, Jind\u0159ich Mo\u0161na, Franti\u0161ek Kmoch, Old\u0159ich Nov\u00fd, Kamil B\u011bhounek, J\u00e1ra Pospi\u0161il, Alfons Jindra, Eduard Ingri\u0161, R.A. Dvorsk\u00fd, Jaroslav Je\u017eek, and Marie Zieglerov\u00e1.<\/span><\/p>\n<p><span style=\"font-weight: 400;\">He also handled transcriptions of old audio recordings to modern media. In the Fonogram Edition, which he prepared for Fr. Rychta\u0159\u00edk and Radioservis, he released about fifty CDs dedicated to recordings of forgotten Czech and foreign stars of popular music of the past. He also prepared a series of compact discs for the Jewish Museum in Prague, Supraphon, Jan Kubel\u00edk Society, and Anton\u00edn Dvo\u0159\u00e1k Memorial (samples here).<\/span><\/p>\n<p><span style=\"font-weight: 400;\">Gabriel G\u00f6ssel was the author of the exhibition When the Comet Flips Us, organized at the turn of 2003-2004 by Gallery in the M\u00e1nes Hall in Prague. He presented historical phonographs, turntables, and other items from his collections on the background of contemporary art objects related to the lifestyle change caused by the ability to record and reproduce sound.<\/span><\/p>\n<p><span style=\"font-weight: 400;\">Since 2012 he was a producer of the historical series Written By Shellac, which he prepared for the e-shop of the music publishing company Supraphon, <\/span><a href=\"http:\/\/www.supraphonline.cz\"><span style=\"font-weight: 400;\">www.supraphonline.cz<\/span><\/a><span style=\"font-weight: 400;\">.<\/span><\/p>\n<p><span style=\"font-weight: 400;\">In 2013 he began cooperating with Filip \u0160\u00edr, as mentor to an aspiring collector. They began on the first comprehensive mapping of the first purely Czech, i.e. Czechoslovak gramophone publishing house ESTA. A book was published in 2014 under the title <\/span><i><span style=\"font-weight: 400;\">Czech Catalog of Recordings by Esta 1930-1946<\/span><\/i><span style=\"font-weight: 400;\"> and offers a complete discographical list of all commercially released Czech recordings of ESTA as well as graphic works in the form of labels, posters or portraits of authors. This work is the first of its kind in the Czech Republic.<\/span><\/p>\n<p><span style=\"font-weight: 400;\">The following year he cooperated with a group of experts on the text <\/span><i><span style=\"font-weight: 400;\">Draft Concept for the Preservation, Digitization and Accessibility of Audio Recordings in the Czech Republic<\/span><\/i><span style=\"font-weight: 400;\">, which became an important document for the implementation of state cultural policy (available online). He also participated in the creation of promotional presentations for Czech libraries, where he also personally lectured on the history of sound and Czech labels.<\/span><\/p>\n<p><span style=\"font-weight: 400;\">A year later, he wrote an English-language book <\/span><i><span style=\"font-weight: 400;\">Recorded Sound in Czech Lands, 1900\u20131946<\/span><\/i><span style=\"font-weight: 400;\"> with Filip \u0160\u00edr. It is the first comprehensive contribution to mapping the history of the sound industry in the Czech lands, respectively of the Czechoslovak Republic. Proof of the quality of this work is evidenced by its being awarded the significant &#8220;2017 Certificate of Merit Award of Excellence in Historical Recorded Sound Research&#8221; by the American Association of Recorded Sound Collections (ARSC), in the category of General Recording Topics.<\/span><\/p>\n<p><span style=\"font-weight: 400;\">Under the National Museum, he published the book Gr<\/span><i><span style=\"font-weight: 400;\">ammar of Labels for Gramophone Records<\/span><\/i><span style=\"font-weight: 400;\">, which is used primarily by employees of historical institutions, guiding them to understanding the basic identifying features of records, such as registry, order and catalog numbers.<\/span><\/p>\n<p><span style=\"font-weight: 400;\">In 2018, G\u00f6ssel and \u0160\u00edr also published an English-Czech publication <\/span><i><span style=\"font-weight: 400;\">Bohemia on Records: Early Czech Sound Recordings in the United States<\/span><\/i><span style=\"font-weight: 400;\">, which represents the first comprehensive view of the unexplored phenomenon of sound recordings produced in the first half of the twentieth century by American record companies for the and growing community of Czech immigrants in the USA.<\/span><\/p>\n<p><span style=\"font-weight: 400;\">The collaboration between the two authors resulted in the last outstanding work, <\/span><i><span style=\"font-weight: 400;\">One-Hundred-And-One Labels: Recordings from the 1900-1926 Era of Mechanical Sound Recording<\/span><\/i><span style=\"font-weight: 400;\">, released in 2019 by the National Museum. The book provides photos and descriptions of labels from the era of mechanical sound recording from the years 1900-1926.<\/span><\/p>\n<p><span style=\"font-weight: 400;\">In his final years, Gabriel worked on the project New Phonograph: Listening to the Sound of History, reconstructing the general catalog of recordings of Czech artists on phonographs and records from various producers from the years 1900-1946.<\/span><\/p>\n<p><span style=\"font-weight: 400;\">Thanks to his professional work and higher education, he became a member of major foreign societies such as the City of London Phonograph and Gramophone Society, and the Gesellschaft f\u00fcr Historische Tontr\u00e4ger, Vienna.<\/span><\/p>\n<\/div><div class=\"fusion-clearfix\"><\/div><\/div><\/div><\/div><\/div><div class=\"fusion-fullwidth fullwidth-box fusion-builder-row-3 nonhundred-percent-fullwidth non-hundred-percent-height-scrolling\" style=\"background-color: #f4f4f4;background-position: center center;background-repeat: no-repeat;padding-top:70px;padding-right:0px;padding-bottom:50px;padding-left:0px;margin-bottom: 0px;margin-top: 0px;border-width: 0px 0px 0px 0px;border-color:#eae9e9;border-style:solid;\" ><div class=\"fusion-builder-row fusion-row\"><div class=\"fusion-layout-column fusion_builder_column fusion-builder-column-3 fusion_builder_column_1_1 1_1 fusion-one-full fusion-column-first fusion-column-last fusion-column-no-min-height\" style=\"margin-top:0px;margin-bottom:20px;\"><div class=\"fusion-column-wrapper fusion-flex-column-wrapper-legacy\" style=\"background-position:left top;background-repeat:no-repeat;-webkit-background-size:cover;-moz-background-size:cover;-o-background-size:cover;background-size:cover;padding: 0px 0px 0px 0px;\"><style type=\"text\/css\"><\/style><div class=\"fusion-title title fusion-title-1 fusion-sep-none fusion-title-text fusion-title-size-two\" style=\"margin-top:0px;margin-bottom:31px;\"><h2 class=\"title-heading-left\" style=\"margin:0;\">Publications<\/h2><\/div><ul class=\"fusion-checklist fusion-checklist-1\" style=\"font-size:15px;line-height:25.5px;\"><li class=\"fusion-li-item\"><span style=\"height:25.5px;width:25.5px;margin-right:10.5px;\" class=\"icon-wrapper circle-no\"><i class=\"fusion-li-icon fa fa-book\" style=\"color:#12100f;\" aria-hidden=\"true\"><\/i><\/span><div class=\"fusion-li-item-content\" style=\"margin-left:36px;\">\n<p>G\u00d6SSEL, Gabriel. <em>Fonogram. Praktick\u00fd pr\u016fvodce histori\u00ed z\u00e1znamu zvuku<\/em>. V\u00a0Praze: Radioservis, 2001.&nbsp;229 s.<\/p>\n<\/div><\/li><li class=\"fusion-li-item\"><span style=\"height:25.5px;width:25.5px;margin-right:10.5px;\" class=\"icon-wrapper circle-no\"><i class=\"fusion-li-icon fa fa-book\" style=\"color:#12100f;\" aria-hidden=\"true\"><\/i><\/span><div class=\"fusion-li-item-content\" style=\"margin-left:36px;\">\n<p>G\u00d6SSEL, Gabriel. <em>Fonogram 2. V\u00fdlety k\u00a0po\u010d\u00e1tk\u016fm historie z\u00e1znamu zvuku.<\/em> Praha: Radioservis, 2006.&nbsp;536 s.<\/p>\n<\/div><\/li><li class=\"fusion-li-item\"><span style=\"height:25.5px;width:25.5px;margin-right:10.5px;\" class=\"icon-wrapper circle-no\"><i class=\"fusion-li-icon fa fa-book\" style=\"color:#12100f;\" aria-hidden=\"true\"><\/i><\/span><div class=\"fusion-li-item-content\" style=\"margin-left:36px;\">\n<p>G\u00d6SSEL, Gabriel. <em>Illustrated Discography of Hot Dance and Jazz Recordings in Czechoslovakia 1920-1950 \u2013 78-RPM<\/em>. Praha: G\u00f6ssel, 2009.&nbsp;260 s.<\/p>\n<\/div><\/li><li class=\"fusion-li-item\"><span style=\"height:25.5px;width:25.5px;margin-right:10.5px;\" class=\"icon-wrapper circle-no\"><i class=\"fusion-li-icon fa fa-book\" style=\"color:#12100f;\" aria-hidden=\"true\"><\/i><\/span><div class=\"fusion-li-item-content\" style=\"margin-left:36px;\">\n<p><a href=\"https:\/\/archive.org\/details\/gramatika_etiket\" target=\"_blank\" rel=\"noopener\">G\u00d6SSEL, Gabriel a Filip \u0160\u00cdR. <em>Gramatika etiket gramofonov\u00fdch desek: pom\u016fcka pro katalogizaci historick\u00fdch desek z&nbsp;let 1900-1946<\/em>. Praha: N\u00e1rodn\u00ed muzeum, 2016.&nbsp;80 stran. ISBN 978-80-7036-517-5.<\/a><\/p>\n<\/div><\/li><li class=\"fusion-li-item\"><span style=\"height:25.5px;width:25.5px;margin-right:10.5px;\" class=\"icon-wrapper circle-no\"><i class=\"fusion-li-icon fa fa-book\" style=\"color:#12100f;\" aria-hidden=\"true\"><\/i><\/span><div class=\"fusion-li-item-content\" style=\"margin-left:36px;\">\n<p><a href=\"https:\/\/archive.org\/details\/recordedsoundinczechlands\" target=\"_blank\" rel=\"noopener\">G\u00d6SSEL, Gabriel a Filip \u0160\u00cdR. <em>Recorded Sound in Czech Lands 1900-1946.<\/em> 1.&nbsp;edition. Brno: The Moravian Library, 2016.&nbsp;205 stran. ISBN 978-80-7051-218-0.<\/a><\/p>\n<\/div><\/li><li class=\"fusion-li-item\"><span style=\"height:25.5px;width:25.5px;margin-right:10.5px;\" class=\"icon-wrapper circle-no\"><i class=\"fusion-li-icon fa fa-book\" style=\"color:#12100f;\" aria-hidden=\"true\"><\/i><\/span><div class=\"fusion-li-item-content\" style=\"margin-left:36px;\">\n<p><a href=\"https:\/\/archive.org\/details\/ceskykatalognahravekgramofonove\" target=\"_blank\" rel=\"noopener\">G\u00d6SSEL, Gabriel \u2013 \u0160\u00cdR, Filip, (eds.).\u00a0<i>\u010cesk\u00fd katalog nahr\u00e1vek gramofonov\u00e9 firmy Esta 1930-1946<\/i>. 1.&nbsp;vyd. Brno: Moravsk\u00e1 zemsk\u00e1 knihovna, 2014.&nbsp;368 s. ISBN 978-80-7051-203-6.<\/a><\/p>\n<\/div><\/li><li class=\"fusion-li-item\"><span style=\"height:25.5px;width:25.5px;margin-right:10.5px;\" class=\"icon-wrapper circle-no\"><i class=\"fusion-li-icon fa fa-book\" style=\"color:#12100f;\" aria-hidden=\"true\"><\/i><\/span><div class=\"fusion-li-item-content\" style=\"margin-left:36px;\">\n<p>G\u00d6SSEL, Gabriel a Filip \u0160\u00cdR. <em>The Catalogues of Record Companies of the Early 20th Century.<\/em> The Grey Journal (TGJ) : An international journal on grey literature; GreyNet International, Grey Literature Network Service. Amsterdam: TextRelease, 2017.&nbsp;51-55. ISSN 1574-180X (PDF).<\/p>\n<\/div><\/li><\/ul><div class=\"fusion-clearfix\"><\/div><\/div><\/div><\/div><\/div><\/p>\n","protected":false},"excerpt":{"rendered":"","protected":false},"author":2,"featured_media":0,"parent":3010,"menu_order":0,"comment_status":"closed","ping_status":"closed","template":"100-width.php","meta":[],"_links":{"self":[{"href":"https:\/\/novyfonograf.cz\/en\/wp-json\/wp\/v2\/pages\/3828"}],"collection":[{"href":"https:\/\/novyfonograf.cz\/en\/wp-json\/wp\/v2\/pages"}],"about":[{"href":"https:\/\/novyfonograf.cz\/en\/wp-json\/wp\/v2\/types\/page"}],"author":[{"embeddable":true,"href":"https:\/\/novyfonograf.cz\/en\/wp-json\/wp\/v2\/users\/2"}],"replies":[{"embeddable":true,"href":"https:\/\/novyfonograf.cz\/en\/wp-json\/wp\/v2\/comments?post=3828"}],"version-history":[{"count":13,"href":"https:\/\/novyfonograf.cz\/en\/wp-json\/wp\/v2\/pages\/3828\/revisions"}],"predecessor-version":[{"id":6288,"href":"https:\/\/novyfonograf.cz\/en\/wp-json\/wp\/v2\/pages\/3828\/revisions\/6288"}],"up":[{"embeddable":true,"href":"https:\/\/novyfonograf.cz\/en\/wp-json\/wp\/v2\/pages\/3010"}],"wp:attachment":[{"href":"https:\/\/novyfonograf.cz\/en\/wp-json\/wp\/v2\/media?parent=3828"}],"curies":[{"name":"wp","href":"https:\/\/api.w.org\/{rel}","templated":true}]}}