{"id":3836,"date":"2018-11-26T10:26:52","date_gmt":"2018-11-26T09:26:52","guid":{"rendered":"http:\/\/novyfonograf.cz\/teams\/work-team\/adela-bachtikova\/"},"modified":"2020-05-19T10:35:35","modified_gmt":"2020-05-19T08:35:35","slug":"adela-bachtikova","status":"publish","type":"page","link":"https:\/\/novyfonograf.cz\/en\/teams\/work-team\/adela-bachtikova\/","title":{"rendered":"Ad\u00e9la Bacht\u00edkov\u00e1"},"content":{"rendered":"<div class=\"fusion-fullwidth fullwidth-box fusion-builder-row-1 nonhundred-percent-fullwidth non-hundred-percent-height-scrolling\" style=\"background-color: rgba(255,255,255,0);background-position: center center;background-repeat: no-repeat;padding-top:0px;padding-right:0px;padding-bottom:50px;padding-left:0px;margin-bottom: 0px;margin-top: 0px;border-width: 0px 0px 0px 0px;border-color:#eae9e9;border-style:solid;\" ><div class=\"fusion-builder-row fusion-row\"><div class=\"fusion-layout-column fusion_builder_column fusion-builder-column-0 fusion_builder_column_1_2 1_2 fusion-one-half fusion-column-first\" style=\"width:50%;width:calc(50% - ( ( 4% ) * 0.5 ) );margin-right: 4%;margin-top:0px;margin-bottom:20px;\"><div class=\"fusion-column-wrapper fusion-flex-column-wrapper-legacy\" style=\"background-position:left top;background-repeat:no-repeat;-webkit-background-size:cover;-moz-background-size:cover;-o-background-size:cover;background-size:cover;padding: 0px 0px 0px 0px;\"><div class=\"fusion-image-carousel fusion-image-carousel-auto fusion-carousel-border\"><div class=\"fusion-carousel\" data-autoplay=\"no\" data-columns=\"1\" data-itemmargin=\"0\" data-itemwidth=\"180\" data-touchscroll=\"no\" data-imagesize=\"auto\"><div class=\"fusion-carousel-positioner\"><ul class=\"fusion-carousel-holder\"><li class=\"fusion-carousel-item\"><div class=\"fusion-carousel-item-wrapper\"><div class=\"fusion-image-wrapper hover-type-none\"><img width=\"858\" height=\"858\" src=\"https:\/\/novyfonograf.cz\/wp-content\/uploads\/2020\/05\/adela-bachtikova.jpg\" class=\"attachment-full size-full\" alt=\"\" srcset=\"https:\/\/novyfonograf.cz\/wp-content\/uploads\/2020\/05\/adela-bachtikova-66x66.jpg 66w, https:\/\/novyfonograf.cz\/wp-content\/uploads\/2020\/05\/adela-bachtikova-150x150.jpg 150w, https:\/\/novyfonograf.cz\/wp-content\/uploads\/2020\/05\/adela-bachtikova-200x200.jpg 200w, https:\/\/novyfonograf.cz\/wp-content\/uploads\/2020\/05\/adela-bachtikova-300x300.jpg 300w, https:\/\/novyfonograf.cz\/wp-content\/uploads\/2020\/05\/adela-bachtikova-400x400.jpg 400w, https:\/\/novyfonograf.cz\/wp-content\/uploads\/2020\/05\/adela-bachtikova-600x600.jpg 600w, https:\/\/novyfonograf.cz\/wp-content\/uploads\/2020\/05\/adela-bachtikova-768x768.jpg 768w, https:\/\/novyfonograf.cz\/wp-content\/uploads\/2020\/05\/adela-bachtikova-800x800.jpg 800w, https:\/\/novyfonograf.cz\/wp-content\/uploads\/2020\/05\/adela-bachtikova.jpg 858w\" sizes=\"(max-width: 858px) 100vw, 858px\" \/><\/div><\/div><\/li><li class=\"fusion-carousel-item\"><div class=\"fusion-carousel-item-wrapper\"><div class=\"fusion-image-wrapper hover-type-none\"><img width=\"1275\" height=\"1275\" src=\"https:\/\/novyfonograf.cz\/wp-content\/uploads\/2018\/11\/ada-bach-e1589877251902.jpg\" class=\"attachment-full size-full\" alt=\"\" srcset=\"https:\/\/novyfonograf.cz\/wp-content\/uploads\/2018\/11\/ada-bach-e1589877251902-66x66.jpg 66w, https:\/\/novyfonograf.cz\/wp-content\/uploads\/2018\/11\/ada-bach-e1589877251902-150x150.jpg 150w, https:\/\/novyfonograf.cz\/wp-content\/uploads\/2018\/11\/ada-bach-e1589877251902-200x200.jpg 200w, https:\/\/novyfonograf.cz\/wp-content\/uploads\/2018\/11\/ada-bach-e1589877251902-300x300.jpg 300w, https:\/\/novyfonograf.cz\/wp-content\/uploads\/2018\/11\/ada-bach-e1589877251902-400x400.jpg 400w, https:\/\/novyfonograf.cz\/wp-content\/uploads\/2018\/11\/ada-bach-e1589877251902-600x600.jpg 600w, https:\/\/novyfonograf.cz\/wp-content\/uploads\/2018\/11\/ada-bach-e1589877251902-768x768.jpg 768w, https:\/\/novyfonograf.cz\/wp-content\/uploads\/2018\/11\/ada-bach-e1589877251902-800x800.jpg 800w, https:\/\/novyfonograf.cz\/wp-content\/uploads\/2018\/11\/ada-bach-e1589877251902-1024x1024.jpg 1024w, https:\/\/novyfonograf.cz\/wp-content\/uploads\/2018\/11\/ada-bach-e1589877251902-1200x1200.jpg 1200w, https:\/\/novyfonograf.cz\/wp-content\/uploads\/2018\/11\/ada-bach-e1589877251902.jpg 1275w\" sizes=\"(max-width: 1275px) 100vw, 1275px\" \/><\/div><\/div><\/li><li class=\"fusion-carousel-item\"><div class=\"fusion-carousel-item-wrapper\"><div class=\"fusion-image-wrapper hover-type-none\"><img width=\"1431\" height=\"1431\" src=\"https:\/\/novyfonograf.cz\/wp-content\/uploads\/2018\/11\/adela-bachtikova-e1589877304231.jpg\" class=\"attachment-full size-full\" alt=\"\" srcset=\"https:\/\/novyfonograf.cz\/wp-content\/uploads\/2018\/11\/adela-bachtikova-e1589877304231-66x66.jpg 66w, https:\/\/novyfonograf.cz\/wp-content\/uploads\/2018\/11\/adela-bachtikova-e1589877304231-150x150.jpg 150w, https:\/\/novyfonograf.cz\/wp-content\/uploads\/2018\/11\/adela-bachtikova-e1589877304231-200x200.jpg 200w, https:\/\/novyfonograf.cz\/wp-content\/uploads\/2018\/11\/adela-bachtikova-e1589877304231-300x300.jpg 300w, https:\/\/novyfonograf.cz\/wp-content\/uploads\/2018\/11\/adela-bachtikova-e1589877304231-400x400.jpg 400w, https:\/\/novyfonograf.cz\/wp-content\/uploads\/2018\/11\/adela-bachtikova-e1589877304231-600x600.jpg 600w, https:\/\/novyfonograf.cz\/wp-content\/uploads\/2018\/11\/adela-bachtikova-e1589877304231-768x768.jpg 768w, https:\/\/novyfonograf.cz\/wp-content\/uploads\/2018\/11\/adela-bachtikova-e1589877304231-800x800.jpg 800w, https:\/\/novyfonograf.cz\/wp-content\/uploads\/2018\/11\/adela-bachtikova-e1589877304231-1024x1024.jpg 1024w, https:\/\/novyfonograf.cz\/wp-content\/uploads\/2018\/11\/adela-bachtikova-e1589877304231-1200x1200.jpg 1200w, https:\/\/novyfonograf.cz\/wp-content\/uploads\/2018\/11\/adela-bachtikova-e1589877304231.jpg 1431w\" sizes=\"(max-width: 1431px) 100vw, 1431px\" \/><\/div><\/div><\/li><\/ul><div class=\"fusion-carousel-nav\"><span class=\"fusion-nav-prev\"><\/span><span class=\"fusion-nav-next\"><\/span><\/div><\/div><\/div><\/div><div class=\"fusion-clearfix\"><\/div><\/div><\/div><div class=\"fusion-layout-column fusion_builder_column fusion-builder-column-1 fusion_builder_column_1_2 1_2 fusion-one-half fusion-column-last\" style=\"width:50%;width:calc(50% - ( ( 4% ) * 0.5 ) );margin-top:0px;margin-bottom:20px;\"><div class=\"fusion-column-wrapper fusion-flex-column-wrapper-legacy\" style=\"background-position:left top;background-repeat:no-repeat;-webkit-background-size:cover;-moz-background-size:cover;-o-background-size:cover;background-size:cover;padding: 0px 0px 0px 0px;\"><style type=\"text\/css\"><\/style><div class=\"fusion-title title fusion-title-1 fusion-sep-none fusion-title-text fusion-title-size-two\" style=\"margin-top:0px;margin-bottom:20px;\"><h2 class=\"title-heading-left\" style=\"margin:0;\">Bio<\/h2><\/div><ul class=\"fusion-checklist fusion-checklist-1\" style=\"font-size:17px;line-height:28.9px;\"><li class=\"fusion-li-item\"><span style=\"height:28.9px;width:28.9px;margin-right:11.9px;\" class=\"icon-wrapper circle-no\"><i class=\"fusion-li-icon fa fa-envelope\" style=\"color:#12100f;\" aria-hidden=\"true\"><\/i><\/span><div class=\"fusion-li-item-content\" style=\"margin-left:40.8px;\">\n<p><a href=\"mailto:adela.bachtikova@novyfonograf.cz\" target=\"_blank\" rel=\"noopener\"><span data-sheets-value=\"{\" data-sheets-userformat=\"{\">adela.bachtikova@novyfonograf.cz<\/span><\/a><\/p>\n<\/div><\/li><\/ul><div class=\"fusion-sep-clear\"><\/div><div class=\"fusion-separator fusion-full-width-sep\" style=\"margin-left: auto;margin-right: auto;margin-bottom:20px;width:100%;\"><\/div><div class=\"fusion-sep-clear\"><\/div><div class=\"fusion-text fusion-text-1\" style=\"transform:translate3d(0,0,0);\"><p>Ad\u00e9la Bacht\u00edkov\u00e1 graduated from the Secondary Technical School of Graphic Arts in Prague, studying conservation and restoration. She then studied Archeology at the Philosophical School for two semesters at the Faculty of Charles University. She is currently studying the last year of applied advertising photos under prof. Vojtechovsky at the Faculty of Art and Design in \u00dast\u00ed nad Labem. In the course of her studies she has completed two foreign internships; specifically at Turku University of Applied Sciences in Finland and the Academy of Fine Arts in Warsaw, Poland. She works as a freelance photographer, but most often does postproduction for other photographers. In the framework of the project New Phonograph, she focuses on image digitization of audio documents and works in the professionally equipped photo studio located in the Czech Museum of Music. She ensures that the fragments of gramophone plates or other historical audio documents produced by the project are both tonally and colorfully of the most faithful quality to the real item.<\/p>\n<\/div><div class=\"fusion-clearfix\"><\/div><\/div><\/div><\/div><\/div>\n","protected":false},"excerpt":{"rendered":"","protected":false},"author":2,"featured_media":0,"parent":1471,"menu_order":0,"comment_status":"closed","ping_status":"closed","template":"","meta":[],"_links":{"self":[{"href":"https:\/\/novyfonograf.cz\/en\/wp-json\/wp\/v2\/pages\/3836"}],"collection":[{"href":"https:\/\/novyfonograf.cz\/en\/wp-json\/wp\/v2\/pages"}],"about":[{"href":"https:\/\/novyfonograf.cz\/en\/wp-json\/wp\/v2\/types\/page"}],"author":[{"embeddable":true,"href":"https:\/\/novyfonograf.cz\/en\/wp-json\/wp\/v2\/users\/2"}],"replies":[{"embeddable":true,"href":"https:\/\/novyfonograf.cz\/en\/wp-json\/wp\/v2\/comments?post=3836"}],"version-history":[{"count":4,"href":"https:\/\/novyfonograf.cz\/en\/wp-json\/wp\/v2\/pages\/3836\/revisions"}],"predecessor-version":[{"id":6182,"href":"https:\/\/novyfonograf.cz\/en\/wp-json\/wp\/v2\/pages\/3836\/revisions\/6182"}],"up":[{"embeddable":true,"href":"https:\/\/novyfonograf.cz\/en\/wp-json\/wp\/v2\/pages\/1471"}],"wp:attachment":[{"href":"https:\/\/novyfonograf.cz\/en\/wp-json\/wp\/v2\/media?parent=3836"}],"curies":[{"name":"wp","href":"https:\/\/api.w.org\/{rel}","templated":true}]}}