{"id":3844,"date":"2018-08-20T23:56:02","date_gmt":"2018-08-20T21:56:02","guid":{"rendered":"http:\/\/novyfonograf.cz\/teams\/work-team\/vit-holecek\/"},"modified":"2020-06-11T10:34:09","modified_gmt":"2020-06-11T08:34:09","slug":"vit-holecek","status":"publish","type":"page","link":"https:\/\/novyfonograf.cz\/en\/teams\/work-team\/vit-holecek\/","title":{"rendered":"V\u00edt Hole\u010dek"},"content":{"rendered":"<p><div class=\"fusion-fullwidth fullwidth-box fusion-builder-row-1 nonhundred-percent-fullwidth non-hundred-percent-height-scrolling\" style=\"background-color: rgba(255,255,255,0);background-position: center center;background-repeat: no-repeat;padding-top:0px;padding-right:0px;padding-bottom:50px;padding-left:0px;margin-bottom: 0px;margin-top: 0px;border-width: 0px 0px 0px 0px;border-color:#eae9e9;border-style:solid;\" ><div class=\"fusion-builder-row fusion-row\"><div class=\"fusion-layout-column fusion_builder_column fusion-builder-column-0 fusion_builder_column_1_2 1_2 fusion-one-half fusion-column-first\" style=\"width:50%;width:calc(50% - ( ( 4% ) * 0.5 ) );margin-right: 4%;margin-top:0px;margin-bottom:20px;\"><div class=\"fusion-column-wrapper fusion-flex-column-wrapper-legacy\" style=\"background-position:left top;background-repeat:no-repeat;-webkit-background-size:cover;-moz-background-size:cover;-o-background-size:cover;background-size:cover;padding: 0px 0px 0px 0px;\"><div class=\"fusion-image-carousel fusion-image-carousel-auto fusion-carousel-border\"><div class=\"fusion-carousel\" data-autoplay=\"no\" data-columns=\"1\" data-itemmargin=\"0\" data-itemwidth=\"180\" data-touchscroll=\"no\" data-imagesize=\"auto\"><div class=\"fusion-carousel-positioner\"><ul class=\"fusion-carousel-holder\"><li class=\"fusion-carousel-item\"><div class=\"fusion-carousel-item-wrapper\"><div class=\"fusion-image-wrapper hover-type-none\"><img width=\"800\" height=\"1200\" src=\"https:\/\/novyfonograf.cz\/wp-content\/uploads\/2020\/06\/naki-portrety-3.jpg\" class=\"attachment-full size-full\" alt=\"\" srcset=\"https:\/\/novyfonograf.cz\/wp-content\/uploads\/2020\/06\/naki-portrety-3-200x300.jpg 200w, https:\/\/novyfonograf.cz\/wp-content\/uploads\/2020\/06\/naki-portrety-3-400x600.jpg 400w, https:\/\/novyfonograf.cz\/wp-content\/uploads\/2020\/06\/naki-portrety-3-600x900.jpg 600w, https:\/\/novyfonograf.cz\/wp-content\/uploads\/2020\/06\/naki-portrety-3-683x1024.jpg 683w, https:\/\/novyfonograf.cz\/wp-content\/uploads\/2020\/06\/naki-portrety-3-768x1152.jpg 768w, https:\/\/novyfonograf.cz\/wp-content\/uploads\/2020\/06\/naki-portrety-3.jpg 800w\" sizes=\"(max-width: 800px) 100vw, 800px\" \/><\/div><\/div><\/li><\/ul><\/div><\/div><\/div><div class=\"fusion-clearfix\"><\/div><\/div><\/div><div class=\"fusion-layout-column fusion_builder_column fusion-builder-column-1 fusion_builder_column_1_2 1_2 fusion-one-half fusion-column-last\" style=\"width:50%;width:calc(50% - ( ( 4% ) * 0.5 ) );margin-top:0px;margin-bottom:20px;\"><div class=\"fusion-column-wrapper fusion-flex-column-wrapper-legacy\" style=\"background-position:left top;background-repeat:no-repeat;-webkit-background-size:cover;-moz-background-size:cover;-o-background-size:cover;background-size:cover;padding: 0px 0px 0px 0px;\"><style type=\"text\/css\"><\/style><div class=\"fusion-title title fusion-title-1 fusion-sep-none fusion-title-text fusion-title-size-two\" style=\"margin-top:0px;margin-bottom:20px;\"><h2 class=\"title-heading-left\" style=\"margin:0;\">Bio<\/h2><\/div><ul class=\"fusion-checklist fusion-checklist-1\" style=\"font-size:17px;line-height:28.9px;\"><li class=\"fusion-li-item\"><span style=\"height:28.9px;width:28.9px;margin-right:11.9px;\" class=\"icon-wrapper circle-no\"><i class=\"fusion-li-icon fa fa-envelope\" style=\"color:#12100f;\" aria-hidden=\"true\"><\/i><\/span><div class=\"fusion-li-item-content\" style=\"margin-left:40.8px;\">\n<p><a href=\"mailto:vit.holecek@novyfonograf.cz\">vit.holecek@novyfonograf.cz<\/a><\/p>\n<\/div><\/li><\/ul><div class=\"fusion-sep-clear\"><\/div><div class=\"fusion-separator fusion-full-width-sep\" style=\"margin-left: auto;margin-right: auto;margin-bottom:20px;width:100%;\"><\/div><div class=\"fusion-sep-clear\"><\/div><div class=\"fusion-text fusion-text-1\" style=\"transform:translate3d(0,0,0);\"><p>V\u00edt Hole\u010dek studied archival, librarian and environmental science. He gained work experience as a digitizer in the National Archives and in the Library of the City of Hradec Kr\u00e1lov\u00e9, where he digitized the gramophone music library of the library. Currently he is studying on a doctoral study program of History of Technology at the Czech Technical University in Prague. V\u00edt deals mainly with specialized institutions and associations operating on the Czech territory from the second half of the 19th century until the first half of the 20th century. In 2017, he graduated from the University of Toronto at the Institute for the History and Philosophy of Science and Technology. His achievements in grants include work on the Centers of Information: World of Informatics and Electrotechnics &#8211; the Computer World in the Czech Republic (Project of the Ministry of Culture of the Czech Republic, 2018-2022) and the current project Technical Profession: Engineers and Czech Society (between the scientific environment, business activities) in the years 1881-1945. V\u00edt Hole\u010dek is also the author of web pages about the historical development and life of the inhabitants of Hradec Kr\u00e1lov\u00e9-V\u011bko\u0161.<\/p>\n<\/div><div class=\"fusion-clearfix\"><\/div><\/div><\/div><\/div><\/div><div class=\"fusion-fullwidth fullwidth-box fusion-builder-row-2 nonhundred-percent-fullwidth non-hundred-percent-height-scrolling\" style=\"background-color: #f4f4f4;background-position: center center;background-repeat: no-repeat;padding-top:70px;padding-right:0px;padding-bottom:50px;padding-left:0px;margin-bottom: 0px;margin-top: 0px;border-width: 0px 0px 0px 0px;border-color:#eae9e9;border-style:solid;\" ><div class=\"fusion-builder-row fusion-row\"><div class=\"fusion-layout-column fusion_builder_column fusion-builder-column-2 fusion_builder_column_1_1 1_1 fusion-one-full fusion-column-first fusion-column-last fusion-column-no-min-height\" style=\"margin-top:0px;margin-bottom:20px;\"><div class=\"fusion-column-wrapper fusion-flex-column-wrapper-legacy\" style=\"background-position:left top;background-repeat:no-repeat;-webkit-background-size:cover;-moz-background-size:cover;-o-background-size:cover;background-size:cover;padding: 0px 0px 0px 0px;\"><style type=\"text\/css\"><\/style><div class=\"fusion-title title fusion-title-2 fusion-sep-none fusion-title-text fusion-title-size-two\" style=\"margin-top:0px;margin-bottom:31px;\"><h2 class=\"title-heading-left\" style=\"margin:0;\">Publications<\/h2><\/div><ul class=\"fusion-checklist fusion-checklist-2\" style=\"font-size:15px;line-height:25.5px;\"><li class=\"fusion-li-item\"><span style=\"height:25.5px;width:25.5px;margin-right:10.5px;\" class=\"icon-wrapper circle-no\"><i class=\"fusion-li-icon fa fa-book\" style=\"color:#12100f;\" aria-hidden=\"true\"><\/i><\/span><div class=\"fusion-li-item-content\" style=\"margin-left:36px;\">\n<p>HOLE\u010cEK, V\u00edt. Masaryk Academy of Labour \u2013 the First Czech Technical Institute and its 4th Division of Mechanical and Electrical Engineering. In:<em> Proceedings of the 20th International Scientific Student Conference POSTER 2016.<\/em> Praha: Czech Technical University in Prague, 2016, art. no. HS05, p. 1-5. ISBN 978-80-01-05950-0.<\/p>\n<\/div><\/li><li class=\"fusion-li-item\"><span style=\"height:25.5px;width:25.5px;margin-right:10.5px;\" class=\"icon-wrapper circle-no\"><i class=\"fusion-li-icon fa fa-book\" style=\"color:#12100f;\" aria-hidden=\"true\"><\/i><\/span><div class=\"fusion-li-item-content\" style=\"margin-left:36px;\">\n<p>HOLE\u010cEK, V\u00edt. The Czech Form of Scientific and Technical Organization of Labour according to V\u00e1clav Verun\u00e1\u010d, the Member of the Masaryk Academy of Labour. In: <em>Proceedings of the 21th International Scientific Student Conference POSTER 2017.<\/em> Praha: Czech Technical University in Prague, 2017, art. no. HS07, p. 1-7. ISBN 978-80-01-06153-4.<\/p>\n<\/div><\/li><li class=\"fusion-li-item\"><span style=\"height:25.5px;width:25.5px;margin-right:10.5px;\" class=\"icon-wrapper circle-no\"><i class=\"fusion-li-icon fa fa-book\" style=\"color:#12100f;\" aria-hidden=\"true\"><\/i><\/span><div class=\"fusion-li-item-content\" style=\"margin-left:36px;\">\n<p>HOLE\u010cEK, V\u00edt. Research and Work-Based Trainings of Czech Engineers in the USA supported by the Masaryk Academy of Labour at the Time of the First Republic. In: <em>Proceedings of the 22nd International Scientific Student Conference POSTER 2018.<\/em> Praha: Czech Technical University in Prague, 2018, art. no. HS10, p. 1-6. ISBN 978-80-01-06428-3.<\/p>\n<\/div><\/li><\/ul><div class=\"fusion-clearfix\"><\/div><\/div><\/div><\/div><\/div><\/p>\n","protected":false},"excerpt":{"rendered":"","protected":false},"author":2,"featured_media":0,"parent":1471,"menu_order":0,"comment_status":"closed","ping_status":"closed","template":"100-width.php","meta":[],"_links":{"self":[{"href":"https:\/\/novyfonograf.cz\/en\/wp-json\/wp\/v2\/pages\/3844"}],"collection":[{"href":"https:\/\/novyfonograf.cz\/en\/wp-json\/wp\/v2\/pages"}],"about":[{"href":"https:\/\/novyfonograf.cz\/en\/wp-json\/wp\/v2\/types\/page"}],"author":[{"embeddable":true,"href":"https:\/\/novyfonograf.cz\/en\/wp-json\/wp\/v2\/users\/2"}],"replies":[{"embeddable":true,"href":"https:\/\/novyfonograf.cz\/en\/wp-json\/wp\/v2\/comments?post=3844"}],"version-history":[{"count":3,"href":"https:\/\/novyfonograf.cz\/en\/wp-json\/wp\/v2\/pages\/3844\/revisions"}],"predecessor-version":[{"id":6454,"href":"https:\/\/novyfonograf.cz\/en\/wp-json\/wp\/v2\/pages\/3844\/revisions\/6454"}],"up":[{"embeddable":true,"href":"https:\/\/novyfonograf.cz\/en\/wp-json\/wp\/v2\/pages\/1471"}],"wp:attachment":[{"href":"https:\/\/novyfonograf.cz\/en\/wp-json\/wp\/v2\/media?parent=3844"}],"curies":[{"name":"wp","href":"https:\/\/api.w.org\/{rel}","templated":true}]}}