{"id":3859,"date":"2018-07-18T13:42:11","date_gmt":"2018-07-18T11:42:11","guid":{"rendered":"http:\/\/novyfonograf.cz\/teams\/work-team\/iva-horova\/"},"modified":"2020-05-25T11:02:40","modified_gmt":"2020-05-25T09:02:40","slug":"iva-horova","status":"publish","type":"page","link":"https:\/\/novyfonograf.cz\/en\/teams\/work-team\/iva-horova\/","title":{"rendered":"Iva Horov\u00e1"},"content":{"rendered":"<p><div class=\"fusion-fullwidth fullwidth-box fusion-builder-row-1 nonhundred-percent-fullwidth non-hundred-percent-height-scrolling\" style=\"background-color: rgba(255,255,255,0);background-position: center center;background-repeat: no-repeat;padding-top:0px;padding-right:0px;padding-bottom:50px;padding-left:0px;margin-bottom: 0px;margin-top: 0px;border-width: 0px 0px 0px 0px;border-color:#eae9e9;border-style:solid;\" ><div class=\"fusion-builder-row fusion-row\"><div class=\"fusion-layout-column fusion_builder_column fusion-builder-column-0 fusion_builder_column_1_2 1_2 fusion-one-half fusion-column-first\" style=\"width:50%;width:calc(50% - ( ( 4% ) * 0.5 ) );margin-right: 4%;margin-top:0px;margin-bottom:20px;\"><div class=\"fusion-column-wrapper fusion-flex-column-wrapper-legacy\" style=\"background-position:left top;background-repeat:no-repeat;-webkit-background-size:cover;-moz-background-size:cover;-o-background-size:cover;background-size:cover;padding: 0px 0px 0px 0px;\"><div class=\"fusion-image-carousel fusion-image-carousel-auto fusion-carousel-border\"><div class=\"fusion-carousel\" data-autoplay=\"no\" data-columns=\"1\" data-itemmargin=\"0\" data-itemwidth=\"180\" data-touchscroll=\"no\" data-imagesize=\"auto\"><div class=\"fusion-carousel-positioner\"><ul class=\"fusion-carousel-holder\"><li class=\"fusion-carousel-item\"><div class=\"fusion-carousel-item-wrapper\"><div class=\"fusion-image-wrapper hover-type-none\"><img width=\"1200\" height=\"1200\" src=\"https:\/\/novyfonograf.cz\/wp-content\/uploads\/2020\/05\/portrety-naki-10.jpg\" class=\"attachment-full size-full\" alt=\"\" srcset=\"https:\/\/novyfonograf.cz\/wp-content\/uploads\/2020\/05\/portrety-naki-10-66x66.jpg 66w, https:\/\/novyfonograf.cz\/wp-content\/uploads\/2020\/05\/portrety-naki-10-150x150.jpg 150w, https:\/\/novyfonograf.cz\/wp-content\/uploads\/2020\/05\/portrety-naki-10-200x200.jpg 200w, https:\/\/novyfonograf.cz\/wp-content\/uploads\/2020\/05\/portrety-naki-10-300x300.jpg 300w, https:\/\/novyfonograf.cz\/wp-content\/uploads\/2020\/05\/portrety-naki-10-400x400.jpg 400w, https:\/\/novyfonograf.cz\/wp-content\/uploads\/2020\/05\/portrety-naki-10-600x600.jpg 600w, https:\/\/novyfonograf.cz\/wp-content\/uploads\/2020\/05\/portrety-naki-10-768x768.jpg 768w, https:\/\/novyfonograf.cz\/wp-content\/uploads\/2020\/05\/portrety-naki-10-800x800.jpg 800w, https:\/\/novyfonograf.cz\/wp-content\/uploads\/2020\/05\/portrety-naki-10-1024x1024.jpg 1024w, https:\/\/novyfonograf.cz\/wp-content\/uploads\/2020\/05\/portrety-naki-10.jpg 1200w\" sizes=\"(max-width: 1200px) 100vw, 1200px\" \/><\/div><\/div><\/li><\/ul><\/div><\/div><\/div><div class=\"fusion-clearfix\"><\/div><\/div><\/div><div class=\"fusion-layout-column fusion_builder_column fusion-builder-column-1 fusion_builder_column_1_2 1_2 fusion-one-half fusion-column-last\" style=\"width:50%;width:calc(50% - ( ( 4% ) * 0.5 ) );margin-top:0px;margin-bottom:20px;\"><div class=\"fusion-column-wrapper fusion-flex-column-wrapper-legacy\" style=\"background-position:left top;background-repeat:no-repeat;-webkit-background-size:cover;-moz-background-size:cover;-o-background-size:cover;background-size:cover;padding: 0px 0px 0px 0px;\"><style type=\"text\/css\"><\/style><div class=\"fusion-title title fusion-title-1 fusion-sep-none fusion-title-text fusion-title-size-two\" style=\"margin-top:0px;margin-bottom:20px;\"><h2 class=\"title-heading-left\" style=\"margin:0;\">Bio<\/h2><\/div><ul class=\"fusion-checklist fusion-checklist-1\" style=\"font-size:17px;line-height:28.9px;\"><li class=\"fusion-li-item\"><span style=\"height:28.9px;width:28.9px;margin-right:11.9px;\" class=\"icon-wrapper circle-no\"><i class=\"fusion-li-icon fa fa-envelope\" style=\"color:#12100f;\" aria-hidden=\"true\"><\/i><\/span><div class=\"fusion-li-item-content\" style=\"margin-left:40.8px;\">\n<p><a href=\"mailto:iva.horova@novyfonograf.cz\">iva.horova@novyfonograf.cz<\/a><\/p>\n<\/div><\/li><li class=\"fusion-li-item\"><span style=\"height:28.9px;width:28.9px;margin-right:11.9px;\" class=\"icon-wrapper circle-no\"><i class=\"fusion-li-icon fa fa-globe\" style=\"color:#12100f;\" aria-hidden=\"true\"><\/i><\/span><div class=\"fusion-li-item-content\" style=\"margin-left:40.8px;\">\n<p><a href=\"https:\/\/cz.linkedin.com\/in\/iva-horov%C3%A1-7823ba9a\" target=\"_blank\" rel=\"noopener\">https:\/\/cz.linkedin.com\/in\/iva-horov%C3%A1-7823ba9a<\/a><\/p>\n<\/div><\/li><\/ul><div class=\"fusion-sep-clear\"><\/div><div class=\"fusion-separator fusion-full-width-sep\" style=\"margin-left: auto;margin-right: auto;margin-bottom:20px;width:100%;\"><\/div><div class=\"fusion-sep-clear\"><\/div><div class=\"fusion-text fusion-text-1\" style=\"transform:translate3d(0,0,0);\"><p>From 1994-2014 Iva Horov\u00e1 was the director of the AMU Library in Prague. She has been systematically devoted to the implementation of new information technologies, the introduction of standards and the issue of digitization and access to primary documents. She has led a number of projects in this area. She also taught externally at Charles University. She participated in the creation of a national metadata description methodology for special types of documents (printed music, audio, video, films), in solving issues of access to higher education qualifications and in providing metadata descriptions and access to non-text works.<\/p>\n<p>Since 2014, she has been intensively engaged in the issue of documentation, description, protection, digitization and access to sound documents. With Filip \u0160\u00edr, she strives to establish the necessary conditions and coordination at a national level. She is also a co-author of the Draft Concept for the Preservation, Digitization and Accessibility of Sound Documents in the Czech Republic. She is involved in educational activities, participates in the management of seminars and workshops in the Czech Republic, presents and publishes on this topic both in the Czech Republic and abroad. She is an individual member of the International Association of Sound Archives, participated in annual conferences in 2015 Paris, 2016 in Washington D.C. and 2017 in Berlin &#8211; at the last two she presented current issues of this topic in the Czech Republic.<\/p>\n<p>She is currently working at the National Technical Library, where she is now involved, among other things, in the project of building the Virtual National Phonotheque.<\/p>\n<p>In the New Phonograph project, Iva is a professional guarantor for the field of metadata description of audio media and their accessibility and a consultant for their musicological qualification.<\/p>\n<\/div><div class=\"fusion-clearfix\"><\/div><\/div><\/div><\/div><\/div><div class=\"fusion-fullwidth fullwidth-box fusion-builder-row-2 nonhundred-percent-fullwidth non-hundred-percent-height-scrolling\" style=\"background-color: #f4f4f4;background-position: center center;background-repeat: no-repeat;padding-top:70px;padding-right:0px;padding-bottom:50px;padding-left:0px;margin-bottom: 0px;margin-top: 0px;border-width: 0px 0px 0px 0px;border-color:#eae9e9;border-style:solid;\" ><div class=\"fusion-builder-row fusion-row\"><div class=\"fusion-layout-column fusion_builder_column fusion-builder-column-2 fusion_builder_column_1_1 1_1 fusion-one-full fusion-column-first fusion-column-last fusion-column-no-min-height\" style=\"margin-top:0px;margin-bottom:20px;\"><div class=\"fusion-column-wrapper fusion-flex-column-wrapper-legacy\" style=\"background-position:left top;background-repeat:no-repeat;-webkit-background-size:cover;-moz-background-size:cover;-o-background-size:cover;background-size:cover;padding: 0px 0px 0px 0px;\"><style type=\"text\/css\"><\/style><div class=\"fusion-title title fusion-title-2 fusion-sep-none fusion-title-text fusion-title-size-two\" style=\"margin-top:0px;margin-bottom:31px;\"><h2 class=\"title-heading-left\" style=\"margin:0;\">Publications<\/h2><\/div><ul class=\"fusion-checklist fusion-checklist-2\" style=\"font-size:15px;line-height:25.5px;\"><li class=\"fusion-li-item\"><span style=\"height:25.5px;width:25.5px;margin-right:10.5px;\" class=\"icon-wrapper circle-no\"><i class=\"fusion-li-icon fa fa-book\" style=\"color:#12100f;\" aria-hidden=\"true\"><\/i><\/span><div class=\"fusion-li-item-content\" style=\"margin-left:36px;\">\n<p><a href=\"http:\/\/WWW: http:\/\/www.inforum.cz\/archiv\/inforum2016\/cs\/sbornik\/. ISSN 1801\u20132213.\" target=\"_blank\" rel=\"noopener\">HOROV\u00c1, Iva \u2013 NOVOTN\u00c1, Helena \u2013 \u0160\u00cdR, Filip.\u00a0<i>Za\u00a0<\/i><i>m\u00e1lo pen\u011bz hodn\u011b muziky aneb co se d\u011bje v&nbsp;oblasti zvukov\u00fdch dokument\u016f u n\u00e1s i v&nbsp;zahrani\u010d\u00ed<\/i>. In: INFORUM 2016: 22.&nbsp;ro\u010dn\u00edk konference o profesion\u00e1ln\u00edch informa\u010dn\u00edch zdroj\u00edch, Praha 24.-25.&nbsp;kv\u011btna 2016 [online]. Praha: Albertina icome Praha, 2016.\u00a0<\/a><\/p>\n<\/div><\/li><li class=\"fusion-li-item\"><span style=\"height:25.5px;width:25.5px;margin-right:10.5px;\" class=\"icon-wrapper circle-no\"><i class=\"fusion-li-icon fa fa-book\" style=\"color:#12100f;\" aria-hidden=\"true\"><\/i><\/span><div class=\"fusion-li-item-content\" style=\"margin-left:36px;\">\n<p><a href=\"http:\/\/www.digiheritage.cz\/cz\/sbornik.html\" target=\"_blank\" rel=\"noopener\">HOROV\u00c1, Iva, NOVOTN\u00c1 Helena a \u0160\u00cdR Filip. Ter\u00e9nn\u00edmi projekty k&nbsp;port\u00e1lu pro zvukov\u00e9 dokumenty. zn. Sp\u011bch\u00e1. In: <em>Mezin\u00e1rodn\u00ed konference DIGI 2015<\/em> &#8211; Vyu\u017eit\u00ed digit\u00e1ln\u00edch technologi\u00ed v&nbsp;pam\u00e1tkov\u00e9 p\u00e9\u010di : 26.-27.&nbsp;listopadu 2015, Praha.<\/a><\/p>\n<\/div><\/li><li class=\"fusion-li-item\"><span style=\"height:25.5px;width:25.5px;margin-right:10.5px;\" class=\"icon-wrapper circle-no\"><i class=\"fusion-li-icon fa fa-book\" style=\"color:#12100f;\" aria-hidden=\"true\"><\/i><\/span><div class=\"fusion-li-item-content\" style=\"margin-left:36px;\">\n<p><a href=\"http:\/\/www.sdruk.cz\/sdruk\/konference-knihovny-soucasnosti\/2015\/clanek\/sbornik\/\" target=\"_blank\" rel=\"noopener\">HOROV\u00c1, Iva a \u0160\u00cdR Filip. Zachra\u0148me na\u0161e zvukov\u00e9 d\u011bdictv\u00ed aneb co m\u016f\u017eeme nab\u00eddnout na\u0161im u\u017eivatel\u016fm? In: <em>Knihovny sou\u010dasnosti<\/em> : 8. &#8211; 10.&nbsp;z\u00e1\u0159\u00ed 2015, Olomouc.<\/a><\/p>\n<\/div><\/li><li class=\"fusion-li-item\"><span style=\"height:25.5px;width:25.5px;margin-right:10.5px;\" class=\"icon-wrapper circle-no\"><i class=\"fusion-li-icon fa fa-book\" style=\"color:#12100f;\" aria-hidden=\"true\"><\/i><\/span><div class=\"fusion-li-item-content\" style=\"margin-left:36px;\">\n<p><a href=\"http:\/\/www.infolib.sk\/sk\/spolok-slovenskych-knihovnikov-kniznic\/infos-2015\/zbornik-infos-2015.html\" target=\"_blank\" rel=\"noopener\">HOROV\u00c1, Iva a \u0160\u00cdR Filip. Kulturn\u00ed d\u011bdictv\u00ed \u010cR na zvukov\u00fdch nosi\u010d\u00edch: hrozby a p\u0159\u00edle\u017eitosti v&nbsp;21.&nbsp;stolet\u00ed. In: <em>Infos 2015<\/em> : 39.&nbsp;medzin\u00e1rodn\u00e9 informatick\u00e9 symp\u00f3zium : 14.\u201317.&nbsp;apr\u00edla 2015, Star\u00e1 Lesn\u00e1. Bratislava : Spolok slovensk\u00fdch knihovn\u00edkov, 2015, 524 s.<\/a><\/p>\n<\/div><\/li><li class=\"fusion-li-item\"><span style=\"height:25.5px;width:25.5px;margin-right:10.5px;\" class=\"icon-wrapper circle-no\"><i class=\"fusion-li-icon fa fa-book\" style=\"color:#12100f;\" aria-hidden=\"true\"><\/i><\/span><div class=\"fusion-li-item-content\" style=\"margin-left:36px;\">\n<p><a href=\"http:\/\/itlib.cvtisr.sk\/archiv\/2015\/4\/zvukove-dokumenty-nejen-v-pametovych-institucich-nas-spolecny-problem.html?page_id=3075\" target=\"_blank\" rel=\"noopener\">HOROV\u00c1, Iva \u2013 MORAV\u010c\u00cdKOV\u00c1, Veronika \u2013 \u0160\u00cdR, Filip.\u00a0<i>Zvukov\u00e9 dokumenty nejen v&nbsp;pam\u011b\u0165ov\u00fdch instituc\u00edch \u2013 n\u00e1\u0161 spole\u010dn\u00fd probl\u00e9m<\/i>. In : Informa\u010dn\u00e9 technol\u00f3gie a kni\u017enice. [online]. ISSN 1336-0779<\/a><\/p>\n<\/div><\/li><li class=\"fusion-li-item\"><span style=\"height:25.5px;width:25.5px;margin-right:10.5px;\" class=\"icon-wrapper circle-no\"><i class=\"fusion-li-icon fa fa-book\" style=\"color:#12100f;\" aria-hidden=\"true\"><\/i><\/span><div class=\"fusion-li-item-content\" style=\"margin-left:36px;\">\n<p><a href=\"https:\/\/docs.google.com\/document\/d\/1JmPKX_5eF18p47Z0VSubexoCVV-I9opuqwKKfpHN75I\/edit\" target=\"_blank\" rel=\"noopener\">G\u00d6SSEL, Gabriel, HOROV\u00c1 Iva, INDR\u00c1K Michal, \u0160\u00cdR Filip, \u0160KOP\u00cdK Michal a \u017dABI\u010cKA Petr. <em>N\u00e1vrh Koncepce pro ochranu a zp\u0159\u00edstup\u0148ov\u00e1n\u00ed zvukov\u00fdch dokument\u016f v&nbsp;\u010cR.<\/em> 2015.<\/a><\/p>\n<\/div><\/li><li class=\"fusion-li-item\"><span style=\"height:25.5px;width:25.5px;margin-right:10.5px;\" class=\"icon-wrapper circle-no\"><i class=\"fusion-li-icon fa fa-book\" style=\"color:#12100f;\" aria-hidden=\"true\"><\/i><\/span><div class=\"fusion-li-item-content\" style=\"margin-left:36px;\">\n<p><a href=\"http:\/\/liber.library.uu.nl\/\" target=\"_blank\" rel=\"noopener\">HOROV\u00c1, Iva; CHV\u00c1LA, Radim. Non-text theses as an integrated part of the Institutional Repositury : the case study of the Academy of Performing Arts in Prague. LIBER Quaterly, 2010, Vol. 20, No. 2. ISSN 1435-5205.<\/a><\/p>\n<\/div><\/li><\/ul><div class=\"fusion-clearfix\"><\/div><\/div><\/div><\/div><\/div><\/p>\n","protected":false},"excerpt":{"rendered":"","protected":false},"author":2,"featured_media":0,"parent":1471,"menu_order":0,"comment_status":"closed","ping_status":"closed","template":"100-width.php","meta":[],"_links":{"self":[{"href":"https:\/\/novyfonograf.cz\/en\/wp-json\/wp\/v2\/pages\/3859"}],"collection":[{"href":"https:\/\/novyfonograf.cz\/en\/wp-json\/wp\/v2\/pages"}],"about":[{"href":"https:\/\/novyfonograf.cz\/en\/wp-json\/wp\/v2\/types\/page"}],"author":[{"embeddable":true,"href":"https:\/\/novyfonograf.cz\/en\/wp-json\/wp\/v2\/users\/2"}],"replies":[{"embeddable":true,"href":"https:\/\/novyfonograf.cz\/en\/wp-json\/wp\/v2\/comments?post=3859"}],"version-history":[{"count":6,"href":"https:\/\/novyfonograf.cz\/en\/wp-json\/wp\/v2\/pages\/3859\/revisions"}],"predecessor-version":[{"id":6278,"href":"https:\/\/novyfonograf.cz\/en\/wp-json\/wp\/v2\/pages\/3859\/revisions\/6278"}],"up":[{"embeddable":true,"href":"https:\/\/novyfonograf.cz\/en\/wp-json\/wp\/v2\/pages\/1471"}],"wp:attachment":[{"href":"https:\/\/novyfonograf.cz\/en\/wp-json\/wp\/v2\/media?parent=3859"}],"curies":[{"name":"wp","href":"https:\/\/api.w.org\/{rel}","templated":true}]}}