{"id":6384,"date":"2020-06-08T10:53:27","date_gmt":"2020-06-08T08:53:27","guid":{"rendered":"https:\/\/novyfonograf.cz\/?page_id=6384"},"modified":"2020-06-08T12:36:45","modified_gmt":"2020-06-08T10:36:45","slug":"premysl-hnilicka","status":"publish","type":"page","link":"https:\/\/novyfonograf.cz\/en\/teams\/advisory-team\/premysl-hnilicka\/","title":{"rendered":"P\u0159emysl Hnili\u010dka"},"content":{"rendered":"<p><div class=\"fusion-fullwidth fullwidth-box fusion-builder-row-1 nonhundred-percent-fullwidth non-hundred-percent-height-scrolling\" style=\"background-color: rgba(255,255,255,0);background-position: center center;background-repeat: no-repeat;padding-top:0px;padding-right:0px;padding-bottom:50px;padding-left:0px;margin-bottom: 0px;margin-top: 0px;border-width: 0px 0px 0px 0px;border-color:#eae9e9;border-style:solid;\" ><div class=\"fusion-builder-row fusion-row\"><div class=\"fusion-layout-column fusion_builder_column fusion-builder-column-0 fusion_builder_column_1_2 1_2 fusion-one-half fusion-column-first\" style=\"width:50%;width:calc(50% - ( ( 4% ) * 0.5 ) );margin-right: 4%;margin-top:0px;margin-bottom:20px;\"><div class=\"fusion-column-wrapper fusion-flex-column-wrapper-legacy\" style=\"background-position:left top;background-repeat:no-repeat;-webkit-background-size:cover;-moz-background-size:cover;-o-background-size:cover;background-size:cover;padding: 0px 0px 0px 0px;\"><div class=\"fusion-image-carousel fusion-image-carousel-auto fusion-carousel-border custom-carousel\"><div class=\"fusion-carousel\" data-autoplay=\"no\" data-columns=\"1\" data-itemmargin=\"0\" data-itemwidth=\"180\" data-touchscroll=\"no\" data-imagesize=\"auto\"><div class=\"fusion-carousel-positioner\"><ul class=\"fusion-carousel-holder\"><li class=\"fusion-carousel-item\"><div class=\"fusion-carousel-item-wrapper\"><div class=\"fusion-image-wrapper hover-type-none\"><img width=\"1200\" height=\"1200\" src=\"https:\/\/novyfonograf.cz\/wp-content\/uploads\/2020\/05\/portrety-naki-1.jpg\" class=\"attachment-full size-full\" alt=\"\" srcset=\"https:\/\/novyfonograf.cz\/wp-content\/uploads\/2020\/05\/portrety-naki-1-66x66.jpg 66w, https:\/\/novyfonograf.cz\/wp-content\/uploads\/2020\/05\/portrety-naki-1-150x150.jpg 150w, https:\/\/novyfonograf.cz\/wp-content\/uploads\/2020\/05\/portrety-naki-1-200x200.jpg 200w, https:\/\/novyfonograf.cz\/wp-content\/uploads\/2020\/05\/portrety-naki-1-300x300.jpg 300w, https:\/\/novyfonograf.cz\/wp-content\/uploads\/2020\/05\/portrety-naki-1-400x400.jpg 400w, https:\/\/novyfonograf.cz\/wp-content\/uploads\/2020\/05\/portrety-naki-1-600x600.jpg 600w, https:\/\/novyfonograf.cz\/wp-content\/uploads\/2020\/05\/portrety-naki-1-768x768.jpg 768w, https:\/\/novyfonograf.cz\/wp-content\/uploads\/2020\/05\/portrety-naki-1-800x800.jpg 800w, https:\/\/novyfonograf.cz\/wp-content\/uploads\/2020\/05\/portrety-naki-1-1024x1024.jpg 1024w, https:\/\/novyfonograf.cz\/wp-content\/uploads\/2020\/05\/portrety-naki-1.jpg 1200w\" sizes=\"(max-width: 1200px) 100vw, 1200px\" \/><\/div><\/div><\/li><li class=\"fusion-carousel-item\"><div class=\"fusion-carousel-item-wrapper\"><div class=\"fusion-image-wrapper hover-type-none\"><img width=\"960\" height=\"720\" src=\"https:\/\/novyfonograf.cz\/wp-content\/uploads\/2020\/04\/02967376-ConvertImage.jpg\" class=\"attachment-full size-full\" alt=\"\" srcset=\"https:\/\/novyfonograf.cz\/wp-content\/uploads\/2020\/04\/02967376-ConvertImage-200x150.jpg 200w, https:\/\/novyfonograf.cz\/wp-content\/uploads\/2020\/04\/02967376-ConvertImage-300x225.jpg 300w, https:\/\/novyfonograf.cz\/wp-content\/uploads\/2020\/04\/02967376-ConvertImage-400x300.jpg 400w, https:\/\/novyfonograf.cz\/wp-content\/uploads\/2020\/04\/02967376-ConvertImage-600x450.jpg 600w, https:\/\/novyfonograf.cz\/wp-content\/uploads\/2020\/04\/02967376-ConvertImage-768x576.jpg 768w, https:\/\/novyfonograf.cz\/wp-content\/uploads\/2020\/04\/02967376-ConvertImage-800x600.jpg 800w, https:\/\/novyfonograf.cz\/wp-content\/uploads\/2020\/04\/02967376-ConvertImage.jpg 960w\" sizes=\"(max-width: 960px) 100vw, 960px\" \/><\/div><\/div><\/li><\/ul><\/div><\/div><\/div><div class=\"fusion-clearfix\"><\/div><\/div><\/div><div class=\"fusion-layout-column fusion_builder_column fusion-builder-column-1 fusion_builder_column_1_2 1_2 fusion-one-half fusion-column-last\" style=\"width:50%;width:calc(50% - ( ( 4% ) * 0.5 ) );margin-top:0px;margin-bottom:20px;\"><div class=\"fusion-column-wrapper fusion-flex-column-wrapper-legacy\" style=\"background-position:left top;background-repeat:no-repeat;-webkit-background-size:cover;-moz-background-size:cover;-o-background-size:cover;background-size:cover;padding: 0px 0px 0px 0px;\"><style type=\"text\/css\"><\/style><div class=\"fusion-title title fusion-title-1 fusion-sep-none fusion-title-text fusion-title-size-two\" style=\"margin-top:0px;margin-bottom:20px;\"><h2 class=\"title-heading-left\" style=\"margin:0;\">Bio<\/h2><\/div><ul class=\"fusion-checklist fusion-checklist-1\" style=\"font-size:17px;line-height:28.9px;\"><li class=\"fusion-li-item\"><span style=\"height:28.9px;width:28.9px;margin-right:11.9px;\" class=\"icon-wrapper circle-no\"><i class=\"fusion-li-icon fa fa-envelope\" style=\"color:#12100f;\" aria-hidden=\"true\"><\/i><\/span><div class=\"fusion-li-item-content\" style=\"margin-left:40.8px;\">\n<p><a href=\"mailto:hnilicka@ukb.muni.cz\">hnilicka@ukb.muni.cz<\/a><\/p>\n<\/div><\/li><li class=\"fusion-li-item\"><span style=\"height:28.9px;width:28.9px;margin-right:11.9px;\" class=\"icon-wrapper circle-no\"><i class=\"fusion-li-icon fa fa-globe\" style=\"color:#12100f;\" aria-hidden=\"true\"><\/i><\/span><div class=\"fusion-li-item-content\" style=\"margin-left:40.8px;\">\n<p><a href=\"http:\/\/mluveny.panacek.com\">http:\/\/mluveny.panacek.com<\/a><\/p>\n<\/div><\/li><li class=\"fusion-li-item\"><span style=\"height:28.9px;width:28.9px;margin-right:11.9px;\" class=\"icon-wrapper circle-no\"><i class=\"fusion-li-icon fa fa-wikipedia-w\" style=\"color:#12100f;\" aria-hidden=\"true\"><\/i><\/span><div class=\"fusion-li-item-content\" style=\"margin-left:40.8px;\">\n<p><a href=\"https:\/\/cs.wikipedia.org\/wiki\/P\u0159emysl_Hnili\u010dka\">https:\/\/cs.wikipedia.org\/wiki\/P\u0159emysl_Hnili\u010dka<\/a><\/p>\n<\/div><\/li><\/ul><div class=\"fusion-sep-clear\"><\/div><div class=\"fusion-separator fusion-full-width-sep\" style=\"margin-left: auto;margin-right: auto;margin-bottom:20px;width:100%;\"><\/div><div class=\"fusion-sep-clear\"><\/div><div class=\"fusion-text fusion-text-1\" style=\"transform:translate3d(0,0,0);\"><p><strong>Mgr. P\u0159emysl Hnili\u010dka<\/strong>\u00a0is a theater researcher, radio publicist and founder of the <a href=\"http:\/\/mluveny.panacek.com\/\"><strong>Pan\u00e1\u010dek v&nbsp;\u0159\u00ed\u0161i mluven\u00e9ho slova<\/strong><\/a> webpage. He works at the\u00a0<a href=\"https:\/\/kuk.muni.cz\/?page=&amp;lang=english\"><strong>Masaryk University Campus Library<\/strong><\/a>.<\/p>\n<p>After graduation from the Secondary School of Information and Library Services in Brno, he studied theatrology at the Faculty of Arts of Masaryk University in Brno. During his studies, he worked in acting at the theatre ensemble Ko\u010dkodani, at the student theater association <strong><a href=\"https:\/\/www.amaterskedivadlo.cz\/main.php?data=soubor&amp;id=174\">TheAtrum Cmundi<\/a><\/strong>, and also worked as artistic director and dramaturgist at the <strong><a href=\"https:\/\/www.amaterskedivadlo.cz\/main.php?data=soubor&amp;id=3436\">\u010c\u00e1ra Theater<\/a><\/strong> in Brno. Currently, he is a member of the theater ensemble <a href=\"http:\/\/www.prkno.net\/premysl-hnilicka\/\"><strong>Prkno<\/strong>.<\/a><\/p>\n<p>In the years 2007-2009, he organized cycles of listening and commented lectures on radio plays in the Brno department of the Jewish Museum.<\/p>\n<p>He contributed to the magazine <strong><a href=\"http:\/\/www.rodinaonline.cz\/\">Na\u0161e rodina<\/a><\/strong>. He writes reviews and articles for the magazine<strong><a href=\"https:\/\/program.rozhlas.cz\/tydenik\"> T\u00fdden\u00edk Rozhlas<\/a><\/strong> and for the<strong> <a href=\"http:\/\/naposlech.cz\/\">Naposlech.cz<\/a> <\/strong>website. He has been cooperating with <strong><a href=\"https:\/\/www.radioteka.cz\/\">Radioservis publishing<\/a> <\/strong>for a long time.<\/p>\n<p>He has been cooperating also with <a href=\"https:\/\/www.czech.radio\/\"><strong>Czech Radio<\/strong><\/a> on many different radio broadcasts, which mainly aimed at memories of Czech actors and writers and their short biographies.<\/p>\n<p>He lectures on the history of Czech radio plays and productions in Prague, Brno and Olomouc. On behalf of the Czech Republic, he spoke at the International Professional Seminar for Radio Production on the topic of Classical Drama and Classical Literature on Public Radio.<\/p>\n<\/div><div class=\"fusion-clearfix\"><\/div><\/div><\/div><\/div><\/div><div class=\"fusion-fullwidth fullwidth-box fusion-builder-row-2 nonhundred-percent-fullwidth non-hundred-percent-height-scrolling\" style=\"background-color: #f4f4f4;background-position: center center;background-repeat: no-repeat;padding-top:70px;padding-right:0px;padding-bottom:50px;padding-left:0px;margin-bottom: 0px;margin-top: 0px;border-width: 0px 0px 0px 0px;border-color:#eae9e9;border-style:solid;\" ><div class=\"fusion-builder-row fusion-row\"><div class=\"fusion-layout-column fusion_builder_column fusion-builder-column-2 fusion_builder_column_1_3 1_3 fusion-one-third fusion-column-first\" style=\"width:33.333333333333%;width:calc(33.333333333333% - ( ( 4% ) * 0.33333333333333 ) );margin-right: 4%;margin-top:0px;margin-bottom:20px;\"><div class=\"fusion-column-wrapper fusion-flex-column-wrapper-legacy\" style=\"background-position:left top;background-repeat:no-repeat;-webkit-background-size:cover;-moz-background-size:cover;-o-background-size:cover;background-size:cover;padding: 0px 0px 0px 0px;\"><div class=\"fusion-clearfix\"><\/div><\/div><\/div><div class=\"fusion-layout-column fusion_builder_column fusion-builder-column-3 fusion_builder_column_2_3 2_3 fusion-two-third fusion-column-last fusion-column-no-min-height\" style=\"width:66.666666666667%;width:calc(66.666666666667% - ( ( 4% ) * 0.66666666666667 ) );margin-top:0px;margin-bottom:20px;\"><div class=\"fusion-column-wrapper fusion-flex-column-wrapper-legacy\" style=\"background-position:left top;background-repeat:no-repeat;-webkit-background-size:cover;-moz-background-size:cover;-o-background-size:cover;background-size:cover;padding: 0px 0px 0px 0px;\"><style type=\"text\/css\"><\/style><div class=\"fusion-title title fusion-title-2 fusion-sep-none fusion-title-text fusion-title-size-two\" style=\"margin-top:0px;margin-bottom:31px;\"><h2 class=\"title-heading-left\" style=\"margin:0;\">Publikace<\/h2><\/div><ul class=\"fusion-checklist fusion-checklist-2\" style=\"font-size:15px;line-height:25.5px;\"><li class=\"fusion-li-item\"><span style=\"height:25.5px;width:25.5px;margin-right:10.5px;\" class=\"icon-wrapper circle-no\"><i class=\"fusion-li-icon fa fa-book\" style=\"color:#12100f;\" aria-hidden=\"true\"><\/i><\/span><div class=\"fusion-li-item-content\" style=\"margin-left:36px;\">\n<p>HAN\u00c1\u010cKOV\u00c1, Andrea, P\u0159emysl HNILI\u010cKA a Tereza SEMOTAMOV\u00c1.\u00a0<i>Rozhlasov\u00e1 kritika a sou\u010dasn\u00e9 reflexe auditivn\u00ed tvorby<\/i>. 1.&nbsp;vyd. Olomouc: Univerzita Palack\u00e9ho, 2016. ISBN 978-80-244-4934-0.<\/p>\n<\/div><\/li><li class=\"fusion-li-item\"><span style=\"height:25.5px;width:25.5px;margin-right:10.5px;\" class=\"icon-wrapper circle-no\"><i class=\"fusion-li-icon fa fa-book\" style=\"color:#12100f;\" aria-hidden=\"true\"><\/i><\/span><div class=\"fusion-li-item-content\" style=\"margin-left:36px;\">\n<p>HNILI\u010cKA, P\u0159emysl. Minuta a dost!.\u00a0<i>Divadeln\u00ed noviny<\/i>, 2013,\u00a0<b>22<\/b>(5), s. 11.\u00a0ISSN 1210-471X. Dostupn\u00e9 tak\u00e9 z: <a href=\"http:\/\/www.divadelni-noviny.cz\/minuta-a-dost.\">http:\/\/www.divadelni-noviny.cz\/minuta-a-dost.<\/a><\/p>\n<\/div><\/li><li class=\"fusion-li-item\"><span style=\"height:25.5px;width:25.5px;margin-right:10.5px;\" class=\"icon-wrapper circle-no\"><i class=\"fusion-li-icon fa fa-book\" style=\"color:#12100f;\" aria-hidden=\"true\"><\/i><\/span><div class=\"fusion-li-item-content\" style=\"margin-left:36px;\">\n<p>HNILI\u010cKA, P\u0159emysl, Pavel MICHELE a Veronika VALENTOV\u00c1. Jarn\u00ed divadeln\u00ed festival v&nbsp;Brn\u011b 2006.\u00a0<i>Amat\u00e9rsk\u00e1 sc\u00e9na<\/i>, 2006,\u00a0<b>43<\/b>(2), s. 53, 54-55.\u00a0ISSN 0002-6786.<\/p>\n<\/div><\/li><li class=\"fusion-li-item\"><span style=\"height:25.5px;width:25.5px;margin-right:10.5px;\" class=\"icon-wrapper circle-no\"><i class=\"fusion-li-icon fa fa-book\" style=\"color:#12100f;\" aria-hidden=\"true\"><\/i><\/span><div class=\"fusion-li-item-content\" style=\"margin-left:36px;\">\n<p>HNILI\u010cKA, P\u0159emysl. <i>Pan\u00e1\u010dek v&nbsp;\u0159\u00ed\u0161i mluven\u00e9ho slova<\/i>\u00a0[online]. 2005 [cit. 2020-04-17]. Dostupn\u00e9 z:\u00a0<a href=\"http:\/\/mluveny.panacek.com\/\">http:\/\/mluveny.panacek.com\/<\/a><\/p>\n<\/div><\/li><\/ul><div class=\"fusion-clearfix\"><\/div><\/div><\/div><\/div><\/div><div class=\"fusion-fullwidth fullwidth-box fusion-builder-row-3 nonhundred-percent-fullwidth non-hundred-percent-height-scrolling\" style=\"background-color: rgba(255,255,255,0);background-position: center center;background-repeat: no-repeat;padding-top:0px;padding-right:0px;padding-bottom:0px;padding-left:0px;margin-bottom: 0px;margin-top: 0px;border-width: 0px 0px 0px 0px;border-color:#eae9e9;border-style:solid;\" ><div class=\"fusion-builder-row fusion-row\"><\/div><\/div><\/p>\n","protected":false},"excerpt":{"rendered":"","protected":false},"author":2,"featured_media":6041,"parent":1479,"menu_order":3,"comment_status":"closed","ping_status":"closed","template":"100-width.php","meta":[],"_links":{"self":[{"href":"https:\/\/novyfonograf.cz\/en\/wp-json\/wp\/v2\/pages\/6384"}],"collection":[{"href":"https:\/\/novyfonograf.cz\/en\/wp-json\/wp\/v2\/pages"}],"about":[{"href":"https:\/\/novyfonograf.cz\/en\/wp-json\/wp\/v2\/types\/page"}],"author":[{"embeddable":true,"href":"https:\/\/novyfonograf.cz\/en\/wp-json\/wp\/v2\/users\/2"}],"replies":[{"embeddable":true,"href":"https:\/\/novyfonograf.cz\/en\/wp-json\/wp\/v2\/comments?post=6384"}],"version-history":[{"count":9,"href":"https:\/\/novyfonograf.cz\/en\/wp-json\/wp\/v2\/pages\/6384\/revisions"}],"predecessor-version":[{"id":6400,"href":"https:\/\/novyfonograf.cz\/en\/wp-json\/wp\/v2\/pages\/6384\/revisions\/6400"}],"up":[{"embeddable":true,"href":"https:\/\/novyfonograf.cz\/en\/wp-json\/wp\/v2\/pages\/1479"}],"wp:featuredmedia":[{"embeddable":true,"href":"https:\/\/novyfonograf.cz\/en\/wp-json\/wp\/v2\/media\/6041"}],"wp:attachment":[{"href":"https:\/\/novyfonograf.cz\/en\/wp-json\/wp\/v2\/media?parent=6384"}],"curies":[{"name":"wp","href":"https:\/\/api.w.org\/{rel}","templated":true}]}}